{"id":1484,"date":"2025-10-02T07:31:14","date_gmt":"2025-10-02T07:31:14","guid":{"rendered":"https:\/\/taracabins.rs\/gde-na-svetu-se-nalazi-tara-cabins-pure-nature\/"},"modified":"2026-02-24T12:42:10","modified_gmt":"2026-02-24T12:42:10","slug":"gde-na-svetu-se-nalazi-tara-cabins-pure-nature","status":"publish","type":"page","link":"https:\/\/taracabins.rs\/sr\/gde-na-svetu-se-nalazi-tara-cabins-pure-nature\/","title":{"rendered":"Gde na svetu se nalazi Tara Cabins Pure Nature"},"content":{"rendered":"<p>[et_pb_section fb_built=&#8220;1&#8243; admin_label=&#8220;Header&#8220; module_id=&#8220;home&#8220; _builder_version=&#8220;4.27.4&#8243; _module_preset=&#8220;default&#8220; background_color=&#8220;gcid-5aa9ce6a-8a5e-4347-973a-c6b91f603234&#8243; background_image=&#8220;https:\/\/taracabins.rs\/wp-content\/uploads\/2025\/10\/where-in-the-world-bg.jpg&#8220; background_position=&#8220;bottom_center&#8220; collapsed=&#8220;on&#8220; global_colors_info=&#8220;{%22gcid-5aa9ce6a-8a5e-4347-973a-c6b91f603234%22:%91%22background_color%22%93}&#8220;][et_pb_row make_equal=&#8220;on&#8220; _builder_version=&#8220;4.27.4&#8243; _module_preset=&#8220;default&#8220; width=&#8220;94%&#8220; width_tablet=&#8220;80%&#8220; width_phone=&#8220;80%&#8220; width_last_edited=&#8220;on|desktop&#8220; max_width=&#8220;2000px&#8220; custom_margin=&#8220;||||false|false&#8220; custom_padding=&#8220;6%||9%||false|false&#8220; global_colors_info=&#8220;{}&#8220;][et_pb_column type=&#8220;4_4&#8243; _builder_version=&#8220;4.27.4&#8243; _module_preset=&#8220;default&#8220; custom_padding=&#8220;17vh||17vh||true|false&#8220; custom_padding_tablet=&#8220;0vw||||false|false&#8220; custom_padding_phone=&#8220;0vw||||false|false&#8220; custom_padding_last_edited=&#8220;on|desktop&#8220; global_colors_info=&#8220;{}&#8220;][\/et_pb_column][\/et_pb_row][\/et_pb_section][et_pb_section fb_built=&#8220;1&#8243; admin_label=&#8220;About&#8220; _builder_version=&#8220;4.27.4&#8243; _module_preset=&#8220;default&#8220; background_color=&#8220;RGBA(255,255,255,0)&#8220; custom_padding=&#8220;0px||0px||false|false&#8220; collapsed=&#8220;on&#8220; global_colors_info=&#8220;{}&#8220;][et_pb_row disabled_on=&#8220;off|off|off&#8220; _builder_version=&#8220;4.27.4&#8243; _module_preset=&#8220;default&#8220; width=&#8220;65%&#8220; width_tablet=&#8220;65%&#8220; width_phone=&#8220;80%&#8220; width_last_edited=&#8220;on|phone&#8220; custom_padding=&#8220;75px||||false|false&#8220; global_colors_info=&#8220;{}&#8220;][et_pb_column type=&#8220;4_4&#8243; _builder_version=&#8220;4.27.4&#8243; _module_preset=&#8220;default&#8220; global_colors_info=&#8220;{}&#8220;][et_pb_text _builder_version=&#8220;4.27.4&#8243; _module_preset=&#8220;d7c632e4-806f-43ef-abd4-fe95a606bfb1&#8243; header_2_font=&#8220;Montserrat|800|||||||&#8220; header_2_text_color=&#8220;#333333&#8243; header_2_font_size=&#8220;45px&#8220; header_3_font=&#8220;Montserrat|800|||||||&#8220; header_3_font_size=&#8220;28px&#8220; header_3_line_height=&#8220;1.2em&#8220; text_orientation=&#8220;center&#8220; custom_margin=&#8220;||||false|false&#8220; custom_padding=&#8220;||||false|false&#8220; global_colors_info=&#8220;{}&#8220;]<\/p>\n<h3>Gde se nalazi Tara Cabins Pure Nature?<\/h3>\n<p>[\/et_pb_text][et_pb_text _builder_version=&#8220;4.27.4&#8243; _module_preset=&#8220;273639a3-6d0e-4230-91c5-11e811000895&#8243; text_font=&#8220;Montserrat|300|||||||&#8220; text_orientation=&#8220;center&#8220; global_colors_info=&#8220;{}&#8220;]<\/p>\n<p style=\"text-align: justify;\">Tara Cabins Pure Nature sme\u0161tene su u srcu Nacionalnog parka Tara, pru\u017eaju\u0107i putnicima jedinstvenu priliku da iskuse jedan od najlep\u0161ih prirodnih pejza\u017ea u Evropi. Okru\u017eene netaknutim \u0161umama, kristalno \u010distim jezerima i rekama, kao i dramati\u010dnim planinskim vrhovima, boravak ovde zna\u010di potpuno uranjanje u \u201ezeleno srce Srbije\u201c.<\/p>\n<p style=\"text-align: justify;\">Samo tri sata vo\u017enje od Beograda, Nacionalni park Tara predstavlja savr\u0161en beg od gradskog \u017eivota. Putnici mogu do\u0107i kolima, ili autobusom preko Bajine Ba\u0161te ili U\u017eica, a zatim kratkom vo\u017enjom taksijem direktno do kabina. Druga opcija je putovanje vozom do U\u017eica, jednog od ve\u0107ih gradova zapadne Srbije, a odatle nastavak taksijem ili lokalnim prevozom prema Tari. Za referencu, jezero Zaovine \u2013 jedna od najpoznatijih atrakcija Tare \u2013 nalazi se oko 30 km od Bajine Ba\u0161te, pribli\u017eno 65 km od U\u017eica i oko 180 km od Beograda.<\/p>\n<p style=\"text-align: justify;\">Ono \u0161to Taru \u010dini zaista nezaboravnom jeste njena izuzetna biodiverzitet i zadivljuju\u0107i pejza\u017ei. Park je dom retkim vrstama, poput Pan\u010di\u0107eve omorike \u2013 jedne od najstarijih \u017eivih vrsta drve\u0107a u Evropi \u2013 i slu\u017ei kao uto\u010di\u0161te za mrke medvede.<br \/>Ali planina Tara je vi\u0161e od nacionalnog parka \u2013 to je mesto bezvremenske lepote i jedinstvenosti. Za razliku od mnogih prepunih turisti\u010dkih destinacija, Tara ostaje mirna i autenti\u010dna, pru\u017eaju\u0107i posetiocima priliku da iskuse prirodu u njenom najsuptilnijem obliku. Guste \u0161ume, skrivene livade i dramati\u010dni kanjoni stvaraju pejza\u017e koji deluje netaknuto vremenom, \u010dine\u0107i svaki boravak ose\u0107ajem otkri\u0107a.<\/p>\n<p style=\"text-align: justify;\">Jo\u0161 jedan razlog zbog kojeg je Tara posebna jeste njena pozicija u zapadnoj Srbiji, jednoj od najlep\u0161ih regija u zemlji. U blizini posetioci mogu istra\u017eiti Zlatibor, poznat po valovitim brdima, prostranim pejza\u017eima i \u017eivopisnim planinskim mestima. Na kratkoj udaljenosti nalazi se Mokra Gora, dom svetski poznate \u0160arganske osmine i Drvengrada, tradicionalnog sela koje je osmislio filmski reditelj Emir Kusturica. Za one koji \u017eele jo\u0161 vi\u0161e planinskih lepota, Zlatar nudi netaknuta jezera, mirne visoravni i spektakularne vidikovce, upotpunjuju\u0107i mozaik prirodnih \u010duda zapadne Srbije.<\/p>\n<p style=\"text-align: justify;\">Boravak u Tara Cabins Pure Nature nije samo obi\u010dna poseta \u2013 to je prilika da se ponovo pove\u017eete sa prirodom, osve\u017eite svoje misli i otkrijete deo Evrope koji ostaje \u010dudesno netaknut.<\/p>\n<p style=\"text-align: justify;\"><strong>43.87955\u00b0N i 19.41618\u00b0E<\/strong><\/p>\n<p>[\/et_pb_text][\/et_pb_column][\/et_pb_row][\/et_pb_section][et_pb_section fb_built=&#8220;1&#8243; _builder_version=&#8220;4.27.4&#8243; _module_preset=&#8220;default&#8220; custom_margin=&#8220;0px||||false|false&#8220; custom_padding=&#8220;0px||0px||true|false&#8220; global_colors_info=&#8220;{}&#8220;][et_pb_row _builder_version=&#8220;4.27.4&#8243; _module_preset=&#8220;default&#8220; width=&#8220;100%&#8220; global_colors_info=&#8220;{}&#8220;][et_pb_column type=&#8220;4_4&#8243; _builder_version=&#8220;4.27.4&#8243; _module_preset=&#8220;default&#8220; global_colors_info=&#8220;{}&#8220;][et_pb_code _builder_version=&#8220;4.27.4&#8243; _module_preset=&#8220;default&#8220; filter_saturate=&#8220;74%&#8220; global_colors_info=&#8220;{}&#8220;]<iframe src=\"https:\/\/www.google.com\/maps\/embed?pb=!1m18!1m12!1m3!1d2875.855370299718!2d19.4161775!3d43.8795481!2m3!1f0!2f0!3f0!3m2!1i1024!2i768!4f13.1!3m3!1m2!1s0x47584d2b9be535e5%3A0x455494136893ce8c!2sTara%20Cabins%20Pure%20Nature!5e0!3m2!1sen!2srs!4v1758787510118!5m2!1sen!2srs\" width=\"100%\" height=\"450\" style=\"border:0;\" allowfullscreen=\"\" loading=\"lazy\" referrerpolicy=\"no-referrer-when-downgrade\"><\/iframe>[\/et_pb_code][\/et_pb_column][\/et_pb_row][et_pb_row _builder_version=&#8220;4.27.4&#8243; _module_preset=&#8220;default&#8220; border_color_all=&#8220;rgba(255,255,255,0.2)&#8220; border_color_top=&#8220;#63908f&#8220; global_colors_info=&#8220;{}&#8220;][et_pb_column type=&#8220;4_4&#8243; _builder_version=&#8220;4.21.0&#8243; _module_preset=&#8220;default&#8220; global_colors_info=&#8220;{}&#8220;][et_pb_text _builder_version=&#8220;4.27.4&#8243; _dynamic_attributes=&#8220;content&#8220; _module_preset=&#8220;default&#8220; text_font=&#8220;Montserrat|300|||||||&#8220; text_text_color=&#8220;#63908f&#8220; text_orientation=&#8220;center&#8220; hover_enabled=&#8220;0&#8243; global_colors_info=&#8220;{}&#8220; sticky_enabled=&#8220;0&#8243;]@ET-DC@eyJkeW5hbWljIjp0cnVlLCJjb250ZW50IjoiY3VycmVudF9kYXRlIiwic2V0dGluZ3MiOnsiYmVmb3JlIjoiQ29weXJpZ2h0IMKpICIsImFmdGVyIjoiIEFsbCBSaWdodHMgUmVzZXJ2ZWQuIFNwZWNpYWwgdGhhbmtzIC0gUGhvdG9zOiBIaWlzaGlpIFBob3RvICZhbXA7IER1xaFhbiBNaWxlbmtvdmnEhyB8IFZpZGVvOiBNYXJrbyDEjHXFoWluIiwiZGF0ZV9mb3JtYXQiOiJjdXN0b20iLCJjdXN0b21fZGF0ZV9mb3JtYXQiOiJZIn19@[\/et_pb_text][\/et_pb_column][\/et_pb_row][\/et_pb_section]<\/p>\n","protected":false},"excerpt":{"rendered":"<p>Gde se nalazi Tara Cabins Pure Nature?Tara Cabins Pure Nature sme\u0161tene su u srcu Nacionalnog parka Tara, pru\u017eaju\u0107i putnicima jedinstvenu priliku da iskuse jedan od najlep\u0161ih prirodnih pejza\u017ea u Evropi. Okru\u017eene netaknutim \u0161umama, kristalno \u010distim jezerima i rekama, kao i dramati\u010dnim planinskim vrhovima, boravak ovde zna\u010di potpuno uranjanje u \u201ezeleno srce Srbije\u201c. Samo tri sata [&hellip;]<\/p>\n","protected":false},"author":1,"featured_media":0,"parent":0,"menu_order":0,"comment_status":"closed","ping_status":"closed","template":"","meta":{"_et_pb_use_builder":"on","_et_pb_old_content":"","_et_gb_content_width":"","footnotes":""},"class_list":["post-1484","page","type-page","status-publish","hentry"],"_links":{"self":[{"href":"https:\/\/taracabins.rs\/sr\/wp-json\/wp\/v2\/pages\/1484","targetHints":{"allow":["GET"]}}],"collection":[{"href":"https:\/\/taracabins.rs\/sr\/wp-json\/wp\/v2\/pages"}],"about":[{"href":"https:\/\/taracabins.rs\/sr\/wp-json\/wp\/v2\/types\/page"}],"author":[{"embeddable":true,"href":"https:\/\/taracabins.rs\/sr\/wp-json\/wp\/v2\/users\/1"}],"replies":[{"embeddable":true,"href":"https:\/\/taracabins.rs\/sr\/wp-json\/wp\/v2\/comments?post=1484"}],"version-history":[{"count":5,"href":"https:\/\/taracabins.rs\/sr\/wp-json\/wp\/v2\/pages\/1484\/revisions"}],"predecessor-version":[{"id":1593,"href":"https:\/\/taracabins.rs\/sr\/wp-json\/wp\/v2\/pages\/1484\/revisions\/1593"}],"wp:attachment":[{"href":"https:\/\/taracabins.rs\/sr\/wp-json\/wp\/v2\/media?parent=1484"}],"curies":[{"name":"wp","href":"https:\/\/api.w.org\/{rel}","templated":true}]}}