{"id":1479,"date":"2025-09-24T06:14:31","date_gmt":"2025-09-24T06:14:31","guid":{"rendered":"https:\/\/taracabins.rs\/tara-cabins-umetnicka-kolekcija\/"},"modified":"2026-02-25T11:12:25","modified_gmt":"2026-02-25T11:12:25","slug":"tara-cabins-umetnicka-kolekcija","status":"publish","type":"page","link":"https:\/\/taracabins.rs\/sr\/tara-cabins-umetnicka-kolekcija\/","title":{"rendered":"Tara Cabins umetni\u010dka kolekcija"},"content":{"rendered":"<p>[et_pb_section fb_built=&#8220;1&#8243; _builder_version=&#8220;4.27.4&#8243; _module_preset=&#8220;default&#8220; background_color=&#8220;#000000&#8243; custom_margin=&#8220;||||false|false&#8220; custom_padding=&#8220;0px||0px||true|false&#8220; custom_css_free_form=&#8220;selector{||  padding-top:0px!important;||}&#8220; global_colors_info=&#8220;{}&#8220;][et_pb_row _builder_version=&#8220;4.27.4&#8243; _module_preset=&#8220;default&#8220; width=&#8220;100%&#8220; max_width=&#8220;100%&#8220; custom_padding=&#8220;0px||0px||true|false&#8220; global_colors_info=&#8220;{}&#8220;][et_pb_column type=&#8220;4_4&#8243; _builder_version=&#8220;4.27.4&#8243; _module_preset=&#8220;default&#8220; global_colors_info=&#8220;{}&#8220;][et_pb_slider _builder_version=&#8220;4.27.4&#8243; _module_preset=&#8220;default&#8220; height=&#8220;120vh&#8220; height_tablet=&#8220;120vh&#8220; height_phone=&#8220;100vh&#8220; height_last_edited=&#8220;on|phone&#8220; custom_margin=&#8220;||||false|false&#8220; custom_padding=&#8220;||||false|false&#8220; global_colors_info=&#8220;{}&#8220;][et_pb_slide heading=&#8220;Umetnost i priroda. Poseban susret. \u0160apati kreativnosti.&#8220; _builder_version=&#8220;4.27.4&#8243; _module_preset=&#8220;default&#8220; header_font=&#8220;Montserrat|800|||||||&#8220; background_enable_color=&#8220;off&#8220; background_image=&#8220;https:\/\/taracabins.rs\/wp-content\/uploads\/2025\/09\/w1T6A2276.jpg&#8220; background_enable_image=&#8220;on&#8220; background_position=&#8220;top_center&#8220; global_colors_info=&#8220;{}&#8220; sticky_transition=&#8220;on&#8220;][\/et_pb_slide][et_pb_slide _builder_version=&#8220;4.27.4&#8243; _module_preset=&#8220;default&#8220; background_enable_color=&#8220;off&#8220; background_image=&#8220;https:\/\/taracabins.rs\/wp-content\/uploads\/2025\/09\/w1T6A3358.jpg&#8220; background_enable_image=&#8220;on&#8220; global_colors_info=&#8220;{}&#8220; sticky_transition=&#8220;on&#8220;][\/et_pb_slide][\/et_pb_slider][\/et_pb_column][\/et_pb_row][\/et_pb_section][et_pb_section fb_built=&#8220;1&#8243; admin_label=&#8220;About&#8220; _builder_version=&#8220;4.27.4&#8243; _module_preset=&#8220;default&#8220; background_color=&#8220;RGBA(255,255,255,0)&#8220; custom_padding=&#8220;0px||0px||false|false&#8220; collapsed=&#8220;on&#8220; global_colors_info=&#8220;{}&#8220;][et_pb_row module_class=&#8220;overslider&#8220; _builder_version=&#8220;4.27.4&#8243; _module_preset=&#8220;default&#8220; background_color=&#8220;#FFFFFF&#8220; width=&#8220;75%&#8220; width_tablet=&#8220;75%&#8220; width_phone=&#8220;95%&#8220; width_last_edited=&#8220;on|phone&#8220; custom_margin=&#8220;||||false|false&#8220; custom_padding=&#8220;75px|7%|0px|7%|false|true&#8220; global_colors_info=&#8220;{}&#8220;][et_pb_column type=&#8220;4_4&#8243; _builder_version=&#8220;4.21.0&#8243; _module_preset=&#8220;default&#8220; global_colors_info=&#8220;{}&#8220;][et_pb_text _builder_version=&#8220;4.27.4&#8243; _module_preset=&#8220;d7c632e4-806f-43ef-abd4-fe95a606bfb1&#8243; header_2_font=&#8220;Montserrat|800|||||||&#8220; header_2_text_color=&#8220;#333333&#8243; header_2_font_size=&#8220;45px&#8220; header_3_font=&#8220;Montserrat|300|||||||&#8220; header_3_font_size=&#8220;28px&#8220; text_orientation=&#8220;center&#8220; custom_margin=&#8220;||||false|false&#8220; custom_padding=&#8220;||||false|false&#8220; global_colors_info=&#8220;{}&#8220;]<\/p>\n<h3>Pa\u017eljivo odabrana kolekcija umetni\u010dkih dela unosi jedinstveni karakter u enterijer.<\/h3>\n<p>[\/et_pb_text][et_pb_text _builder_version=&#8220;4.27.4&#8243; _module_preset=&#8220;273639a3-6d0e-4230-91c5-11e811000895&#8243; text_font=&#8220;Montserrat|300|||||||&#8220; text_orientation=&#8220;center&#8220; global_colors_info=&#8220;{}&#8220;]<\/p>\n<p style=\"text-align: justify;\">U kabinama je izlo\u017eena selekcija od 14 umetni\u010dkih dela dr Jelene \u0160alini\u0107 Terzi\u0107, profesorke na Fakultetu filologije i umetnosti, koja prostoru daje jedinstveni stil i energiju. Svako delo pa\u017eljivo je postavljeno kako bi dopunjavalo enterijer, stvaraju\u0107i skladnu kombinaciju udobnosti i kreativnosti. Gosti mogu u\u017eivati u posebnoj atmosferi gde umetnost inspiri\u0161e razgovor i razmi\u0161ljanje. Prirodni materijali i prijatan name\u0161taj dodatno oboga\u0107uju do\u017eivljaj, \u010dine\u0107i svaki boravak opu\u0161taju\u0107im i vizuelno nadahnutim. Ova pa\u017eljivo kurirana kolekcija pretvara kabine u \u017eivu galeriju, gde svaki kutak pri\u010da svoju pri\u010du.\n<\/p>\n<p>[\/et_pb_text][\/et_pb_column][\/et_pb_row][et_pb_row use_custom_gutter=&#8220;on&#8220; gutter_width=&#8220;2&#8243; _builder_version=&#8220;4.27.4&#8243; _module_preset=&#8220;default&#8220; width=&#8220;75%&#8220; width_tablet=&#8220;75%&#8220; width_phone=&#8220;95%&#8220; width_last_edited=&#8220;on|phone&#8220; custom_padding=&#8220;|5%||5.7%|false|false&#8220; global_colors_info=&#8220;{}&#8220;][et_pb_column type=&#8220;4_4&#8243; _builder_version=&#8220;4.27.4&#8243; _module_preset=&#8220;default&#8220; global_colors_info=&#8220;{}&#8220;][et_pb_gallery gallery_ids=&#8220;1468,1469,1470,1471,1472,1473,1474,1475,1476&#8243; posts_number=&#8220;9&#8243; show_title_and_caption=&#8220;off&#8220; show_pagination=&#8220;off&#8220; zoom_icon_color=&#8220;RGBA(255,255,255,0)&#8220; hover_overlay_color=&#8220;rgba(0,0,0,0.4)&#8220; module_class=&#8220;pa-image-gallery-1-1&#8243; _builder_version=&#8220;4.27.4&#8243; _module_preset=&#8220;default&#8220; custom_padding=&#8220;||||false|false&#8220; custom_css_gallery_item=&#8220;width: 29% !important;||margin: 0 !important;||clear: none !important;||margin: 2% !important;&#8220; global_colors_info=&#8220;{}&#8220;][\/et_pb_gallery][\/et_pb_column][\/et_pb_row][et_pb_row _builder_version=&#8220;4.27.4&#8243; _module_preset=&#8220;default&#8220; width=&#8220;75%&#8220; width_tablet=&#8220;75%&#8220; width_phone=&#8220;95%&#8220; width_last_edited=&#8220;on|phone&#8220; custom_padding=&#8220;0px|7%||7%|false|true&#8220; global_colors_info=&#8220;{}&#8220;][et_pb_column type=&#8220;4_4&#8243; _builder_version=&#8220;4.27.4&#8243; _module_preset=&#8220;default&#8220; global_colors_info=&#8220;{}&#8220;][et_pb_text _builder_version=&#8220;4.27.4&#8243; _module_preset=&#8220;273639a3-6d0e-4230-91c5-11e811000895&#8243; text_font=&#8220;Montserrat|300|||||||&#8220; text_orientation=&#8220;center&#8220; global_colors_info=&#8220;{}&#8220;]<\/p>\n<p style=\"text-align: center;\"><em>\u201c Vodjena linijom, Jelena \u0160alini\u0107 Terzi\u0107 zadire u tajnu onoga \u0161to se, paradoksalno, naziva ne\u017enom prirodom. I dok, s jedne strane, ritmovanjem linija i boja tka nutrinu stene, s druge strane, ona raspli\u0107e niti onoga \u0161to shvatamo i ozna\u010davamo kao &#8211; ve\u010dno, stati\u010dno, nepromenljivo. A negde u pozadini tenzije tananog i robusnog, na ovim crte\u017cima , odslikava se trojstvo \u010dovek &#8211; priroda &#8211; bo\u017eanstvo.\u201c<\/em><\/p>\n<p style=\"text-align: center;\">\u2014 Iz kataloga \u201cJelena \u0160alini\u0107 Terzi\u0107, O\u017eiljci &#8211; usmena istorija planine\u201d, Danijela Pure\u0161evi\u0107<br \/><em><br \/><\/em><\/p>\n<p>[\/et_pb_text][\/et_pb_column][\/et_pb_row][et_pb_row _builder_version=&#8220;4.27.4&#8243; _module_preset=&#8220;default&#8220; width=&#8220;75%&#8220; width_tablet=&#8220;75%&#8220; width_phone=&#8220;95%&#8220; width_last_edited=&#8220;on|phone&#8220; custom_padding=&#8220;|7%||7%|false|true&#8220; global_colors_info=&#8220;{}&#8220;][et_pb_column type=&#8220;4_4&#8243; _builder_version=&#8220;4.27.4&#8243; _module_preset=&#8220;default&#8220; global_colors_info=&#8220;{}&#8220;][et_pb_divider color=&#8220;#63908f&#8220; divider_weight=&#8220;2px&#8220; _builder_version=&#8220;4.27.4&#8243; _module_preset=&#8220;default&#8220; width=&#8220;135px&#8220; module_alignment=&#8220;center&#8220; custom_margin=&#8220;||||false|false&#8220; custom_padding=&#8220;||||false|false&#8220; global_colors_info=&#8220;{}&#8220;][\/et_pb_divider][et_pb_text _builder_version=&#8220;4.27.4&#8243; _module_preset=&#8220;273639a3-6d0e-4230-91c5-11e811000895&#8243; text_font=&#8220;Montserrat|300|||||||&#8220; text_orientation=&#8220;center&#8220; global_colors_info=&#8220;{}&#8220;]<\/p>\n<p style=\"text-align: center;\"><strong>Tara Cabins Pure Nature veoma ceni kreativnost i neguje sopstveni odnos prema umetnosti i otvorena je za saradnju. Javite nam se sa svojim idejama \u2014 raduje nas svaka nova inspiracija!<\/strong><\/p>\n<p>[\/et_pb_text][et_pb_button button_url=&#8220;mailto:art@taracabins.rs&#8220; button_text=&#8220;Kontaktirajte nas&#8220; button_alignment=&#8220;center&#8220; _builder_version=&#8220;4.27.4&#8243; _module_preset=&#8220;default&#8220; custom_button=&#8220;on&#8220; button_text_size=&#8220;14px&#8220; button_bg_color=&#8220;#63908f&#8220; button_border_width=&#8220;0px&#8220; button_border_radius=&#8220;0px&#8220; button_font=&#8220;Montserrat|300|||||||&#8220; button_use_icon=&#8220;off&#8220; background_layout=&#8220;dark&#8220; custom_margin=&#8220;40px||||false|false&#8220; custom_padding=&#8220;10px|20px|10px|20px|true|true&#8220; hover_enabled=&#8220;0&#8243; global_colors_info=&#8220;{}&#8220; button_bg_color__hover_enabled=&#8220;on|hover&#8220; button_bg_color__hover=&#8220;#3c5d5d&#8220; button_bg_enable_color__hover=&#8220;on&#8220; sticky_enabled=&#8220;0&#8243;][\/et_pb_button][\/et_pb_column][\/et_pb_row][\/et_pb_section][et_pb_section fb_built=&#8220;1&#8243; admin_label=&#8220;Footer&#8220; module_id=&#8220;kontakt&#8220; _builder_version=&#8220;4.27.4&#8243; _module_preset=&#8220;default&#8220; background_enable_color=&#8220;off&#8220; custom_margin=&#8220;||0px||false|false&#8220; custom_padding=&#8220;||0px||false|false&#8220; saved_tabs=&#8220;all&#8220; collapsed=&#8220;on&#8220; global_colors_info=&#8220;{%22gcid-5aa9ce6a-8a5e-4347-973a-c6b91f603234%22:%91%22background_color%22%93}&#8220;][et_pb_row _builder_version=&#8220;4.27.4&#8243; _module_preset=&#8220;default&#8220; border_color_all=&#8220;rgba(255,255,255,0.2)&#8220; border_width_top=&#8220;1px&#8220; border_color_top=&#8220;#63908f&#8220; global_colors_info=&#8220;{}&#8220;][et_pb_column type=&#8220;4_4&#8243; _builder_version=&#8220;4.21.0&#8243; _module_preset=&#8220;default&#8220; global_colors_info=&#8220;{}&#8220;][et_pb_text _builder_version=&#8220;4.27.4&#8243; _dynamic_attributes=&#8220;content&#8220; _module_preset=&#8220;default&#8220; text_font=&#8220;Montserrat|300|||||||&#8220; text_text_color=&#8220;#63908f&#8220; text_orientation=&#8220;center&#8220; global_colors_info=&#8220;{}&#8220;]@ET-DC@eyJkeW5hbWljIjp0cnVlLCJjb250ZW50IjoiY3VycmVudF9kYXRlIiwic2V0dGluZ3MiOnsiYmVmb3JlIjoiQ29weXJpZ2h0IFx1MDBhOSAiLCJhZnRlciI6IiBBbGwgUmlnaHRzIFJlc2VydmVkLiBTcGVjaWFsIHRoYW5rcyAtIFBob3RvczogSGlpc2hpaSBQaG90byAmYW1wOyBEdVx1MDE2MWFuIE1pbGVua292aVx1MDEwNyB8IFZpZGVvOiBNYXJrbyBcdTAxMGN1XHUwMTYxaW4iLCJkYXRlX2Zvcm1hdCI6ImN1c3RvbSIsImN1c3RvbV9kYXRlX2Zvcm1hdCI6IlkifX0=@[\/et_pb_text][\/et_pb_column][\/et_pb_row][\/et_pb_section]<\/p>\n","protected":false},"excerpt":{"rendered":"<p>Pa\u017eljivo odabrana kolekcija umetni\u010dkih dela unosi jedinstveni karakter u enterijer.U kabinama je izlo\u017eena selekcija od 14 umetni\u010dkih dela dr Jelene \u0160alini\u0107 Terzi\u0107, profesorke na Fakultetu filologije i umetnosti, koja prostoru daje jedinstveni stil i energiju. Svako delo pa\u017eljivo je postavljeno kako bi dopunjavalo enterijer, stvaraju\u0107i skladnu kombinaciju udobnosti i kreativnosti. Gosti mogu u\u017eivati u posebnoj [&hellip;]<\/p>\n","protected":false},"author":1,"featured_media":0,"parent":0,"menu_order":0,"comment_status":"closed","ping_status":"closed","template":"","meta":{"_et_pb_use_builder":"on","_et_pb_old_content":"","_et_gb_content_width":"","footnotes":""},"class_list":["post-1479","page","type-page","status-publish","hentry"],"_links":{"self":[{"href":"https:\/\/taracabins.rs\/sr\/wp-json\/wp\/v2\/pages\/1479","targetHints":{"allow":["GET"]}}],"collection":[{"href":"https:\/\/taracabins.rs\/sr\/wp-json\/wp\/v2\/pages"}],"about":[{"href":"https:\/\/taracabins.rs\/sr\/wp-json\/wp\/v2\/types\/page"}],"author":[{"embeddable":true,"href":"https:\/\/taracabins.rs\/sr\/wp-json\/wp\/v2\/users\/1"}],"replies":[{"embeddable":true,"href":"https:\/\/taracabins.rs\/sr\/wp-json\/wp\/v2\/comments?post=1479"}],"version-history":[{"count":7,"href":"https:\/\/taracabins.rs\/sr\/wp-json\/wp\/v2\/pages\/1479\/revisions"}],"predecessor-version":[{"id":1608,"href":"https:\/\/taracabins.rs\/sr\/wp-json\/wp\/v2\/pages\/1479\/revisions\/1608"}],"wp:attachment":[{"href":"https:\/\/taracabins.rs\/sr\/wp-json\/wp\/v2\/media?parent=1479"}],"curies":[{"name":"wp","href":"https:\/\/api.w.org\/{rel}","templated":true}]}}