{"id":1464,"date":"2025-10-01T08:00:24","date_gmt":"2025-10-01T08:00:24","guid":{"rendered":"https:\/\/taracabins.rs\/nasa-prica\/"},"modified":"2026-02-24T12:39:57","modified_gmt":"2026-02-24T12:39:57","slug":"nasa-prica","status":"publish","type":"page","link":"https:\/\/taracabins.rs\/sr\/nasa-prica\/","title":{"rendered":"Na\u0161a pri\u010da"},"content":{"rendered":"<p>[et_pb_section fb_built=&#8220;1&#8243; _builder_version=&#8220;4.27.4&#8243; _module_preset=&#8220;default&#8220; background_color=&#8220;#63908f&#8220; max_height=&#8220;100px&#8220; custom_margin=&#8220;0px||0px||true|false&#8220; custom_padding=&#8220;0px||0px||true|false&#8220; global_colors_info=&#8220;{}&#8220;][\/et_pb_section][et_pb_section fb_built=&#8220;1&#8243; admin_label=&#8220;About&#8220; _builder_version=&#8220;4.27.4&#8243; _module_preset=&#8220;default&#8220; background_color=&#8220;RGBA(255,255,255,0)&#8220; custom_padding=&#8220;0px||0px||false|false&#8220; collapsed=&#8220;on&#8220; global_colors_info=&#8220;{}&#8220;][et_pb_row module_class=&#8220;overslider&#8220; _builder_version=&#8220;4.27.4&#8243; _module_preset=&#8220;default&#8220; background_color=&#8220;#FFFFFF&#8220; width=&#8220;75%&#8220; width_tablet=&#8220;75%&#8220; width_phone=&#8220;95%&#8220; width_last_edited=&#8220;on|phone&#8220; custom_margin=&#8220;||||false|false&#8220; custom_padding=&#8220;75px|7%|0px|7%|false|true&#8220; global_colors_info=&#8220;{}&#8220;][et_pb_column type=&#8220;4_4&#8243; _builder_version=&#8220;4.21.0&#8243; _module_preset=&#8220;default&#8220; global_colors_info=&#8220;{}&#8220;][et_pb_text _builder_version=&#8220;4.27.4&#8243; _module_preset=&#8220;1cfae5e3-2ecc-46ea-8cfc-0e64177e3207&#8243; header_6_font=&#8220;Montserrat|||on|||||&#8220; header_6_text_color=&#8220;#333333&#8243; text_orientation=&#8220;center&#8220; custom_margin=&#8220;||5px||false|false&#8220; custom_padding=&#8220;1px||||false|false&#8220; global_colors_info=&#8220;{}&#8220;]<\/p>\n<h6>NA\u0160A PRI\u010cA<\/h6>\n<p>[\/et_pb_text][et_pb_divider color=&#8220;#63908f&#8220; divider_weight=&#8220;2px&#8220; _builder_version=&#8220;4.27.4&#8243; _module_preset=&#8220;default&#8220; width=&#8220;135px&#8220; module_alignment=&#8220;center&#8220; custom_margin=&#8220;||||false|false&#8220; custom_padding=&#8220;||||false|false&#8220; global_colors_info=&#8220;{}&#8220;][\/et_pb_divider][et_pb_text _builder_version=&#8220;4.27.4&#8243; _module_preset=&#8220;d7c632e4-806f-43ef-abd4-fe95a606bfb1&#8243; header_2_font=&#8220;Montserrat|800|||||||&#8220; header_2_text_color=&#8220;#333333&#8243; header_2_font_size=&#8220;45px&#8220; header_3_font=&#8220;Montserrat|800|||||||&#8220; header_3_font_size=&#8220;28px&#8220; header_3_line_height=&#8220;1.2em&#8220; text_orientation=&#8220;center&#8220; custom_margin=&#8220;||||false|false&#8220; custom_padding=&#8220;||||false|false&#8220; global_colors_info=&#8220;{}&#8220;]<\/p>\n<h3>Vi\u0161e od mesta koje oduzima dah.<\/h3>\n<h3>S rado\u0161\u0107u ga otvaramo za vas.<\/h3>\n<p>[\/et_pb_text][et_pb_text _builder_version=&#8220;4.27.4&#8243; _module_preset=&#8220;273639a3-6d0e-4230-91c5-11e811000895&#8243; text_font=&#8220;Montserrat|300|||||||&#8220; text_orientation=&#8220;center&#8220; global_colors_info=&#8220;{}&#8220;]<\/p>\n<p style=\"text-align: justify;\">Ljubav prema prirodi i potreba da se s njom pove\u017eemo stvorile su ovu jedinstvenu oazu mira. Porodi\u010dna povezanost sa Tarom od samog po\u010detka je odredila lokaciju. Godinama smo tragali za savr\u0161enim pogledom na Zaovinsko jezero i netaknutu prirodu, sve dok priroda nije otkrila svoje idealno mesto.<\/p>\n<p style=\"text-align: justify;\">Vizija je bila jasna: jednostavan, kompaktan oblik koji se besprekorno uklapa u okolinu, ostavljaju\u0107i prirodu netaknutom. Svaki element dizajniran je s ciljem postizanja harmonije izme\u0111u \u010doveka i prirode \u2014 dekor minimalan, funkcionalnost maksimalna, a svaki centimetar prostora iskori\u0161\u0107en do kraja.<\/p>\n<p>[\/et_pb_text][et_pb_gallery gallery_ids=&#8220;1452,1453,1454&#8243; fullwidth=&#8220;on&#8220; _builder_version=&#8220;4.27.4&#8243; _module_preset=&#8220;default&#8220; global_colors_info=&#8220;{}&#8220;][\/et_pb_gallery][et_pb_text _builder_version=&#8220;4.27.4&#8243; _module_preset=&#8220;273639a3-6d0e-4230-91c5-11e811000895&#8243; text_font=&#8220;Montserrat|300|||||||&#8220; text_orientation=&#8220;center&#8220; global_colors_info=&#8220;{}&#8220;]<\/p>\n<p style=\"text-align: justify;\">Ovde luksuz ne zna\u010di suvi\u0161nost, ve\u0107 sklad s okolinom. Prisutan je u privatnosti, panoramama Zaovinskog jezera i posebnoj energiji Tare. Prava vrednost le\u017ei u tome kako prostor funkcioni\u0161e i kako priroda postaje sastavni deo svakog dana.<\/p>\n<p style=\"text-align: justify;\">Rezultat odi\u0161e autenti\u010dno\u0161\u0107u i jedinstvom, a pritom ostaje funkcionalan i bezvremen. Ove ku\u0107e spajaju prirodu i savremenost \u2014 moderno vi\u0111enje arhitekture, oplemenjeno finim detaljima i dizajnerskim principima.<\/p>\n<p>[\/et_pb_text][\/et_pb_column][\/et_pb_row][et_pb_row column_structure=&#8220;1_2,1_2&#8243; use_custom_gutter=&#8220;on&#8220; gutter_width=&#8220;2&#8243; make_equal=&#8220;on&#8220; _builder_version=&#8220;4.27.4&#8243; _module_preset=&#8220;default&#8220; background_color=&#8220;#eeeeee&#8220; width=&#8220;75%&#8220; width_tablet=&#8220;75%&#8220; width_phone=&#8220;85%&#8220; width_last_edited=&#8220;on|phone&#8220; custom_margin=&#8220;75px||||false|false&#8220; custom_padding=&#8220;|7%||7%|false|true&#8220; global_colors_info=&#8220;{}&#8220;][et_pb_column type=&#8220;1_2&#8243; _builder_version=&#8220;4.27.4&#8243; _module_preset=&#8220;default&#8220; custom_css_main_element=&#8220;display:flex;||flex-direction:column;&#8220; global_colors_info=&#8220;{}&#8220;][et_pb_text _builder_version=&#8220;4.27.4&#8243; _module_preset=&#8220;d7c632e4-806f-43ef-abd4-fe95a606bfb1&#8243; header_2_font=&#8220;Montserrat|800|||||||&#8220; header_2_text_color=&#8220;#333333&#8243; header_2_font_size=&#8220;45px&#8220; header_3_font=&#8220;Montserrat|700|||||||&#8220; header_3_font_size=&#8220;28px&#8220; header_3_line_height=&#8220;1.2em&#8220; text_orientation=&#8220;center&#8220; custom_margin=&#8220;||||false|false&#8220; custom_padding=&#8220;||||false|false&#8220; global_colors_info=&#8220;{}&#8220;]<\/p>\n<h3 style=\"text-align: center;\"><em>Tara Cabins Pure Nature<\/em> \u2013 Ku\u0107a godine 2024.<\/h3>\n<p>[\/et_pb_text][et_pb_image src=&#8220;https:\/\/taracabins.rs\/wp-content\/uploads\/2025\/09\/w1T6A1950.jpg&#8220; disabled_on=&#8220;off|off|on&#8220; _builder_version=&#8220;4.27.4&#8243; _module_preset=&#8220;default&#8220; global_colors_info=&#8220;{}&#8220;][\/et_pb_image][et_pb_text _builder_version=&#8220;4.27.4&#8243; _module_preset=&#8220;273639a3-6d0e-4230-91c5-11e811000895&#8243; text_font=&#8220;Montserrat|300|||||||&#8220; text_orientation=&#8220;center&#8220; global_colors_info=&#8220;{}&#8220;]<\/p>\n<p style=\"text-align: justify;\">Kompaktne crne kabine koje se savr\u0161eno stapaju s prirodom, dizajnirane za ljubitelje prirode i umetnosti, osvojile su i publiku i stru\u010dnjake.<\/p>\n<p>[\/et_pb_text][et_pb_button button_url=&#8220;https:\/\/www.gradnja.rs\/kuca-godine-2024-tara-cabins-zaovine\/&#8220; button_text=&#8220;Detaljnije&#8220; button_alignment=&#8220;center&#8220; _builder_version=&#8220;4.27.4&#8243; _module_preset=&#8220;default&#8220; custom_button=&#8220;on&#8220; button_text_size=&#8220;14px&#8220; button_bg_color=&#8220;#63908f&#8220; button_border_width=&#8220;0px&#8220; button_border_radius=&#8220;0px&#8220; button_font=&#8220;Montserrat|300|||||||&#8220; button_use_icon=&#8220;off&#8220; background_layout=&#8220;dark&#8220; custom_margin=&#8220;auto||||false|false&#8220; custom_padding=&#8220;10px|20px|10px|20px|true|true&#8220; global_colors_info=&#8220;{}&#8220; button_bg_color__hover_enabled=&#8220;on|hover&#8220; button_bg_color__hover=&#8220;#3c5d5d&#8220; button_bg_enable_color__hover=&#8220;on&#8220;][\/et_pb_button][\/et_pb_column][et_pb_column type=&#8220;1_2&#8243; disabled_on=&#8220;on|on|off&#8220; _builder_version=&#8220;4.27.4&#8243; _module_preset=&#8220;default&#8220; background_image=&#8220;https:\/\/taracabins.rs\/wp-content\/uploads\/2025\/09\/w1T6A1950.jpg&#8220; global_colors_info=&#8220;{}&#8220;][\/et_pb_column][\/et_pb_row][et_pb_row use_custom_gutter=&#8220;on&#8220; gutter_width=&#8220;2&#8243; custom_padding_last_edited=&#8220;on|phone&#8220; _builder_version=&#8220;4.27.4&#8243; _module_preset=&#8220;default&#8220; width=&#8220;75%&#8220; width_tablet=&#8220;75%&#8220; width_phone=&#8220;95%&#8220; width_last_edited=&#8220;on|phone&#8220; custom_padding=&#8220;75px|5%||5.7%|false|false&#8220; custom_padding_tablet=&#8220;75px|5%||5.7%|false|false&#8220; custom_padding_phone=&#8220;15px|5%|0px|5.7%|false|false&#8220; global_colors_info=&#8220;{}&#8220;][et_pb_column type=&#8220;4_4&#8243; _builder_version=&#8220;4.27.4&#8243; _module_preset=&#8220;default&#8220; global_colors_info=&#8220;{}&#8220;][et_pb_gallery gallery_ids=&#8220;1455,1456,1457,1458,1459,1460,1461,1462,1463&#8243; posts_number=&#8220;9&#8243; show_title_and_caption=&#8220;off&#8220; show_pagination=&#8220;off&#8220; zoom_icon_color=&#8220;RGBA(255,255,255,0)&#8220; hover_overlay_color=&#8220;rgba(0,0,0,0.4)&#8220; module_class=&#8220;pa-image-gallery-1-1&#8243; _builder_version=&#8220;4.27.4&#8243; _module_preset=&#8220;default&#8220; custom_css_gallery_item=&#8220;width: 29% !important;||margin: 0 !important;||clear: none !important;||margin: 2% !important;&#8220; global_colors_info=&#8220;{}&#8220;][\/et_pb_gallery][\/et_pb_column][\/et_pb_row][\/et_pb_section][et_pb_section fb_built=&#8220;1&#8243; admin_label=&#8220;Footer&#8220; module_id=&#8220;kontakt&#8220; _builder_version=&#8220;4.27.4&#8243; _module_preset=&#8220;default&#8220; background_enable_color=&#8220;off&#8220; custom_margin=&#8220;||0px||false|false&#8220; custom_padding=&#8220;||0px||false|false&#8220; saved_tabs=&#8220;all&#8220; collapsed=&#8220;on&#8220; global_colors_info=&#8220;{%22gcid-5aa9ce6a-8a5e-4347-973a-c6b91f603234%22:%91%22background_color%22%93}&#8220;][et_pb_row _builder_version=&#8220;4.27.4&#8243; _module_preset=&#8220;default&#8220; custom_margin=&#8220;||||false|false&#8220; custom_padding=&#8220;||||false|false&#8220; border_color_all=&#8220;rgba(255,255,255,0.2)&#8220; border_width_top=&#8220;1px&#8220; border_color_top=&#8220;#63908f&#8220; global_colors_info=&#8220;{}&#8220;][et_pb_column type=&#8220;4_4&#8243; _builder_version=&#8220;4.21.0&#8243; _module_preset=&#8220;default&#8220; global_colors_info=&#8220;{}&#8220;][et_pb_text _builder_version=&#8220;4.27.4&#8243; _dynamic_attributes=&#8220;content&#8220; _module_preset=&#8220;default&#8220; text_font=&#8220;Montserrat|300|||||||&#8220; text_text_color=&#8220;#63908f&#8220; text_orientation=&#8220;center&#8220; hover_enabled=&#8220;0&#8243; global_colors_info=&#8220;{}&#8220; sticky_enabled=&#8220;0&#8243;]@ET-DC@eyJkeW5hbWljIjp0cnVlLCJjb250ZW50IjoiY3VycmVudF9kYXRlIiwic2V0dGluZ3MiOnsiYmVmb3JlIjoiQ29weXJpZ2h0IMKpICIsImFmdGVyIjoiIEFsbCBSaWdodHMgUmVzZXJ2ZWQuIFNwZWNpYWwgdGhhbmtzIC0gUGhvdG9zOiBIaWlzaGlpIFBob3RvICZhbXA7IER1xaFhbiBNaWxlbmtvdmnEhyB8IFZpZGVvOiBNYXJrbyDEjHXFoWluIiwiZGF0ZV9mb3JtYXQiOiJjdXN0b20iLCJjdXN0b21fZGF0ZV9mb3JtYXQiOiJZIn19@[\/et_pb_text][\/et_pb_column][\/et_pb_row][\/et_pb_section]<\/p>\n","protected":false},"excerpt":{"rendered":"<p>NA\u0160A PRI\u010cAVi\u0161e od mesta koje oduzima dah. S rado\u0161\u0107u ga otvaramo za vas.Ljubav prema prirodi i potreba da se s njom pove\u017eemo stvorile su ovu jedinstvenu oazu mira. Porodi\u010dna povezanost sa Tarom od samog po\u010detka je odredila lokaciju. Godinama smo tragali za savr\u0161enim pogledom na Zaovinsko jezero i netaknutu prirodu, sve dok priroda nije otkrila [&hellip;]<\/p>\n","protected":false},"author":1,"featured_media":0,"parent":0,"menu_order":0,"comment_status":"closed","ping_status":"closed","template":"","meta":{"_et_pb_use_builder":"on","_et_pb_old_content":"","_et_gb_content_width":"","footnotes":""},"class_list":["post-1464","page","type-page","status-publish","hentry"],"_links":{"self":[{"href":"https:\/\/taracabins.rs\/sr\/wp-json\/wp\/v2\/pages\/1464","targetHints":{"allow":["GET"]}}],"collection":[{"href":"https:\/\/taracabins.rs\/sr\/wp-json\/wp\/v2\/pages"}],"about":[{"href":"https:\/\/taracabins.rs\/sr\/wp-json\/wp\/v2\/types\/page"}],"author":[{"embeddable":true,"href":"https:\/\/taracabins.rs\/sr\/wp-json\/wp\/v2\/users\/1"}],"replies":[{"embeddable":true,"href":"https:\/\/taracabins.rs\/sr\/wp-json\/wp\/v2\/comments?post=1464"}],"version-history":[{"count":5,"href":"https:\/\/taracabins.rs\/sr\/wp-json\/wp\/v2\/pages\/1464\/revisions"}],"predecessor-version":[{"id":1585,"href":"https:\/\/taracabins.rs\/sr\/wp-json\/wp\/v2\/pages\/1464\/revisions\/1585"}],"wp:attachment":[{"href":"https:\/\/taracabins.rs\/sr\/wp-json\/wp\/v2\/media?parent=1464"}],"curies":[{"name":"wp","href":"https:\/\/api.w.org\/{rel}","templated":true}]}}