{"id":1448,"date":"2025-09-24T21:44:59","date_gmt":"2025-09-24T21:44:59","guid":{"rendered":"https:\/\/taracabins.rs\/kontakt-informacije-booking\/"},"modified":"2026-02-24T12:40:59","modified_gmt":"2026-02-24T12:40:59","slug":"kontakt-informacije-booking","status":"publish","type":"page","link":"https:\/\/taracabins.rs\/sr\/kontakt-informacije-booking\/","title":{"rendered":"Kontakt &amp; Informacije &amp; Booking"},"content":{"rendered":"<p>[et_pb_section fb_built=&#8220;1&#8243; admin_label=&#8220;Header&#8220; module_id=&#8220;home&#8220; _builder_version=&#8220;4.27.4&#8243; _module_preset=&#8220;default&#8220; background_color=&#8220;gcid-5aa9ce6a-8a5e-4347-973a-c6b91f603234&#8243; background_image=&#8220;https:\/\/taracabins.rs\/wp-content\/uploads\/2025\/10\/connect-bg.jpg&#8220; background_position=&#8220;bottom_center&#8220; collapsed=&#8220;on&#8220; global_colors_info=&#8220;{%22gcid-5aa9ce6a-8a5e-4347-973a-c6b91f603234%22:%91%22background_color%22%93}&#8220;][et_pb_row make_equal=&#8220;on&#8220; _builder_version=&#8220;4.27.4&#8243; _module_preset=&#8220;default&#8220; width=&#8220;94%&#8220; width_tablet=&#8220;80%&#8220; width_phone=&#8220;80%&#8220; width_last_edited=&#8220;on|desktop&#8220; max_width=&#8220;2000px&#8220; custom_margin=&#8220;||||false|false&#8220; custom_padding=&#8220;6%||9%||false|false&#8220; global_colors_info=&#8220;{}&#8220;][et_pb_column type=&#8220;4_4&#8243; _builder_version=&#8220;4.27.4&#8243; _module_preset=&#8220;default&#8220; custom_padding=&#8220;17vh||17vh||true|false&#8220; custom_padding_tablet=&#8220;0vw||||false|false&#8220; custom_padding_phone=&#8220;0vw||||false|false&#8220; custom_padding_last_edited=&#8220;on|desktop&#8220; global_colors_info=&#8220;{}&#8220;][\/et_pb_column][\/et_pb_row][\/et_pb_section][et_pb_section fb_built=&#8220;1&#8243; admin_label=&#8220;About&#8220; _builder_version=&#8220;4.27.4&#8243; _module_preset=&#8220;default&#8220; background_color=&#8220;RGBA(255,255,255,0)&#8220; custom_padding=&#8220;0px||0px||false|false&#8220; collapsed=&#8220;on&#8220; global_colors_info=&#8220;{}&#8220;][et_pb_row _builder_version=&#8220;4.27.4&#8243; _module_preset=&#8220;default&#8220; background_color=&#8220;#FFFFFF&#8220; width=&#8220;75%&#8220; width_tablet=&#8220;75%&#8220; width_phone=&#8220;95%&#8220; width_last_edited=&#8220;on|phone&#8220; custom_margin=&#8220;||||false|false&#8220; custom_padding=&#8220;75px|7%||7%|false|true&#8220; global_colors_info=&#8220;{}&#8220;][et_pb_column type=&#8220;4_4&#8243; _builder_version=&#8220;4.21.0&#8243; _module_preset=&#8220;default&#8220; global_colors_info=&#8220;{}&#8220;][et_pb_text _builder_version=&#8220;4.27.4&#8243; _module_preset=&#8220;d7c632e4-806f-43ef-abd4-fe95a606bfb1&#8243; header_2_font=&#8220;Montserrat|800|||||||&#8220; header_2_text_color=&#8220;#333333&#8243; header_2_font_size=&#8220;45px&#8220; header_3_font=&#8220;Montserrat|800|||||||&#8220; header_3_font_size=&#8220;28px&#8220; header_3_line_height=&#8220;1.2em&#8220; text_orientation=&#8220;center&#8220; custom_margin=&#8220;||||false|false&#8220; custom_padding=&#8220;||||false|false&#8220; global_colors_info=&#8220;{}&#8220;]<\/p>\n<h3>Uslovi kori\u0161\u0107enja<\/h3>\n<p>[\/et_pb_text][et_pb_toggle title=&#8220;Rezervacije&#8220; toggle_icon=&#8220;&#x3b;||divi||400&#8243; open_toggle_icon=&#8220;&#x3a;||divi||400&#8243; _builder_version=&#8220;4.27.4&#8243; _module_preset=&#8220;default&#8220; title_font=&#8220;Montserrat||||||||&#8220; title_text_align=&#8220;center&#8220; body_font=&#8220;Montserrat||||||||&#8220; custom_margin=&#8220;||||false|false&#8220; custom_padding=&#8220;||||false|false&#8220; border_radii=&#8220;on|15px|15px|15px|15px&#8220; border_width_all=&#8220;0px&#8220; global_colors_info=&#8220;{}&#8220;]<\/p>\n<ul>\n<li>Otvoreno tokom cele godine.<\/li>\n<li>Minimalni boravak: 2 uzastopne no\u0107i.<\/li>\n<li>Prijavljivanje: nakon 15:00 \u010dasova. Samostalna prijava (self check-in); instrukcije za ulazak \u0161aljemo 1 dan pre dolaska.<\/li>\n<li>Odjavljivanje: do 11:00 \u010dasova.<\/li>\n<li>Du\u017ea zadr\u017eavanja (10+ no\u0107i) i posebni doga\u0111aji: za ponudu po va\u0161em posebnom zahtevu, kontaktirajte nas putem e-maila.<\/li>\n<\/ul>\n<p>[\/et_pb_toggle][et_pb_toggle title=&#8220;Politika otkazivanja&#8220; toggle_icon=&#8220;&#x3b;||divi||400&#8243; open_toggle_icon=&#8220;&#x3a;||divi||400&#8243; _builder_version=&#8220;4.27.4&#8243; _module_preset=&#8220;default&#8220; title_font=&#8220;Montserrat||||||||&#8220; title_text_align=&#8220;center&#8220; body_font=&#8220;Montserrat||||||||&#8220; custom_margin=&#8220;||||false|false&#8220; custom_padding=&#8220;||||false|false&#8220; border_radii=&#8220;on|15px|15px|15px|15px&#8220; border_width_all=&#8220;0px&#8220; global_colors_info=&#8220;{}&#8220;]<\/p>\n<ul>\n<li>Sve rezervacije se potvr\u0111uju uplatom avansa u iznosu od 50% od ukupne cene boravka.<\/li>\n<li>Puni povra\u0107aj sredstava mogu\u0107 je u slu\u010daju otkazivanja do 60 dana pre planiranog datuma dolaska.<\/li>\n<li>U slu\u010daju otkazivanja u periodu od 60 do 30 dana pre dolaska, zadr\u017eava se 50% ukupnog iznosa rezervacije.<\/li>\n<li>U slu\u010daju otkazivanja manje od 30 dana pre dolaska, napla\u0107uje se 100% ukupnog iznosa rezervacije.<\/li>\n<\/ul>\n<p>[\/et_pb_toggle][et_pb_toggle title=&#8220;Uslovi pla\u0107anja&#8220; toggle_icon=&#8220;&#x3b;||divi||400&#8243; open_toggle_icon=&#8220;&#x3a;||divi||400&#8243; _builder_version=&#8220;4.27.4&#8243; _module_preset=&#8220;default&#8220; title_font=&#8220;Montserrat||||||||&#8220; title_text_align=&#8220;center&#8220; body_font=&#8220;Montserrat||||||||&#8220; custom_margin=&#8220;||||false|false&#8220; custom_padding=&#8220;||||false|false&#8220; border_radii=&#8220;on|15px|15px|15px|15px&#8220; border_width_all=&#8220;0px&#8220; global_colors_info=&#8220;{}&#8220;]<\/p>\n<ul>\n<li>Avans: elektronski.<\/li>\n<li>Preostali iznos: gotovinski prilikom dolaska (osim ako je celokupan iznos unapred pla\u0107en elektronski).<\/li>\n<li>Dodatne usluge: pla\u0107aju se gotovinski prilikom odjave.<\/li>\n<li>Cene se mogu menjati zbog tro\u0161kova, poreza ili kursnih razlika.\n<p>&nbsp;<\/p>\n<\/li>\n<\/ul>\n<p>[\/et_pb_toggle][et_pb_toggle title=&#8220;Obroci i ro\u0161tilj&#8220; toggle_icon=&#8220;&#x3b;||divi||400&#8243; open_toggle_icon=&#8220;&#x3a;||divi||400&#8243; _builder_version=&#8220;4.27.4&#8243; _module_preset=&#8220;default&#8220; title_font=&#8220;Montserrat||||||||&#8220; title_text_align=&#8220;center&#8220; body_font=&#8220;Montserrat||||||||&#8220; custom_margin=&#8220;||||false|false&#8220; custom_padding=&#8220;||||false|false&#8220; border_radii=&#8220;on|15px|15px|15px|15px&#8220; border_width_all=&#8220;0px&#8220; global_colors_info=&#8220;{}&#8220;]<\/p>\n<ul>\n<li>Samostalno pripremanje hrane: kabine su potpuno opremljene za kuvanje.<\/li>\n<li>Bezbednost na prvom mestu: zabranjeni su ro\u0161tilji i otvoreni plamen.<\/li>\n<li>Obroci u blizini: rezervacije restorana dostupne su na zahtev.<\/li>\n<\/ul>\n<p>[\/et_pb_toggle][et_pb_toggle title=&#8220;Ku\u0107ni ljubimci&#8220; toggle_icon=&#8220;&#x3b;||divi||400&#8243; open_toggle_icon=&#8220;&#x3a;||divi||400&#8243; _builder_version=&#8220;4.27.4&#8243; _module_preset=&#8220;default&#8220; title_font=&#8220;Montserrat||||||||&#8220; title_text_align=&#8220;center&#8220; body_font=&#8220;Montserrat||||||||&#8220; custom_margin=&#8220;||||false|false&#8220; custom_padding=&#8220;||||false|false&#8220; border_radii=&#8220;on|15px|15px|15px|15px&#8220; border_width_all=&#8220;0px&#8220; global_colors_info=&#8220;{}&#8220;]<\/p>\n<ul>\n<li>Ljubimci su dobrodo\u0161li (maksimalno 2 po kabini).<\/li>\n<li>Naknada: 50 \u20ac po boravku po ljubimcu.<\/li>\n<li>Gosti su du\u017eni da maksimalno po\u0161tuju higijenu i ku\u0107na pravila.<\/li>\n<\/ul>\n<p>[\/et_pb_toggle][\/et_pb_column][\/et_pb_row][et_pb_row _builder_version=&#8220;4.27.4&#8243; _module_preset=&#8220;default&#8220; width=&#8220;75%&#8220; custom_padding=&#8220;|7%||7%|false|true&#8220; global_colors_info=&#8220;{}&#8220;][et_pb_column type=&#8220;4_4&#8243; _builder_version=&#8220;4.27.4&#8243; _module_preset=&#8220;default&#8220; global_colors_info=&#8220;{}&#8220;][et_pb_text disabled_on=&#8220;off|off|off&#8220; _builder_version=&#8220;4.27.4&#8243; _module_preset=&#8220;1cfae5e3-2ecc-46ea-8cfc-0e64177e3207&#8243; header_6_font=&#8220;Montserrat|||on|||||&#8220; header_6_text_color=&#8220;#333333&#8243; text_orientation=&#8220;center&#8220; custom_margin=&#8220;||5px||false|false&#8220; custom_padding=&#8220;||||false|false&#8220; global_colors_info=&#8220;{}&#8220;]<\/p>\n<h6>Kontakt &amp; Informacije &amp; Rezervacije<\/h6>\n<p>[\/et_pb_text][et_pb_divider color=&#8220;#63908f&#8220; divider_weight=&#8220;2px&#8220; disabled_on=&#8220;off|off|off&#8220; _builder_version=&#8220;4.27.4&#8243; _module_preset=&#8220;default&#8220; width=&#8220;240px&#8220; module_alignment=&#8220;center&#8220; custom_margin=&#8220;||||false|false&#8220; custom_padding=&#8220;||||false|false&#8220; global_colors_info=&#8220;{}&#8220;][\/et_pb_divider][\/et_pb_column][\/et_pb_row][et_pb_row column_structure=&#8220;1_3,2_3&#8243; _builder_version=&#8220;4.27.4&#8243; _module_preset=&#8220;default&#8220; width=&#8220;75%&#8220; width_tablet=&#8220;75%&#8220; width_phone=&#8220;95%&#8220; width_last_edited=&#8220;on|phone&#8220; custom_padding=&#8220;0px|7%||7%|false|true&#8220; global_colors_info=&#8220;{}&#8220;][et_pb_column type=&#8220;1_3&#8243; _builder_version=&#8220;4.27.4&#8243; _module_preset=&#8220;default&#8220; global_colors_info=&#8220;{}&#8220;][et_pb_text content_tablet=&#8220;<\/p>\n<p style=%22text-align: left;%22>Tara Cabins Pure Nature<br \/>Konjska Reka 133A<br \/>31250 Zaovine<br \/>Nacionalni park Tara<br \/>Serbia<\/p>\n<p style=%22text-align: left;%22>Phone: <a href=%22+381%2064%201328185%22>+381 64 1328185<\/a><br \/>E-mail: <a href=%22mailto:hello@taracabins.rs%22>hello@taracabins.rs<\/a><\/p>\n<p>&#8220; content_phone=&#8220;<\/p>\n<p style=%22text-align: center;%22>Tara Cabins Pure Nature<br \/>Konjska Reka 133A<br \/>31250 Zaovine<br \/>Nacionalni park Tara<br \/>Serbia<\/p>\n<p style=%22text-align: center;%22>Phone: <a href=%22+381%2064%201328185%22>+381 64 1328185<\/a><br \/>E-mail: <a href=%22mailto:hello@taracabins.rs%22>hello@taracabins.rs<\/a><\/p>\n<p>&#8220; content_last_edited=&#8220;on|phone&#8220; _builder_version=&#8220;4.27.4&#8243; _module_preset=&#8220;273639a3-6d0e-4230-91c5-11e811000895&#8243; text_font=&#8220;Montserrat|300|||||||&#8220; text_orientation=&#8220;center&#8220; global_colors_info=&#8220;{}&#8220;]<\/p>\n<p style=\"text-align: left;\">Tara Cabins Pure Nature<br \/>Konjska Reka 133A<br \/>31250 Zaovine<br \/>Nacionalni park Tara<br \/>Serbia<\/p>\n<p style=\"text-align: left;\">Phone: <a href=\"+381%2064%201328185\">+381 64 1328185<\/a><br \/>E-mail: <a href=\"mailto:hello@taracabins.rs\">hello@taracabins.rs<\/a><\/p>\n<p>[\/et_pb_text][\/et_pb_column][et_pb_column type=&#8220;2_3&#8243; _builder_version=&#8220;4.27.4&#8243; _module_preset=&#8220;default&#8220; global_colors_info=&#8220;{}&#8220;][et_pb_contact_form email=&#8220;djuric.uzice@gmail.com&#8220; _builder_version=&#8220;4.27.4&#8243; _module_preset=&#8220;default&#8220; _unique_id=&#8220;0af488bd-4f1c-4ef5-a83d-70eb4aff2ac3&#8243; form_field_font=&#8220;Montserrat||||||||&#8220; form_field_font_size=&#8220;16px&#8220; custom_button=&#8220;on&#8220; button_text_size=&#8220;16px&#8220; button_text_color=&#8220;#FFFFFF&#8220; button_bg_color=&#8220;#63908f&#8220; button_border_width=&#8220;0px&#8220; button_border_radius=&#8220;0px&#8220; button_font=&#8220;Montserrat||||||||&#8220; button_use_icon=&#8220;off&#8220; border_radii=&#8220;on|15px|15px|15px|15px&#8220; global_colors_info=&#8220;{}&#8220;][et_pb_contact_field field_id=&#8220;Name&#8220; field_title=&#8220;Ime&#8220; _builder_version=&#8220;4.27.4&#8243; global_colors_info=&#8220;{}&#8220; button_text_size__hover_enabled=&#8220;off&#8220; button_one_text_size__hover_enabled=&#8220;off&#8220; button_two_text_size__hover_enabled=&#8220;off&#8220; button_text_color__hover_enabled=&#8220;off&#8220; button_one_text_color__hover_enabled=&#8220;off&#8220; button_two_text_color__hover_enabled=&#8220;off&#8220; button_border_width__hover_enabled=&#8220;off&#8220; button_one_border_width__hover_enabled=&#8220;off&#8220; button_two_border_width__hover_enabled=&#8220;off&#8220; button_border_color__hover_enabled=&#8220;off&#8220; button_one_border_color__hover_enabled=&#8220;off&#8220; button_two_border_color__hover_enabled=&#8220;off&#8220; button_border_radius__hover_enabled=&#8220;off&#8220; button_one_border_radius__hover_enabled=&#8220;off&#8220; button_two_border_radius__hover_enabled=&#8220;off&#8220; button_letter_spacing__hover_enabled=&#8220;off&#8220; button_one_letter_spacing__hover_enabled=&#8220;off&#8220; button_two_letter_spacing__hover_enabled=&#8220;off&#8220; button_bg_color__hover_enabled=&#8220;off&#8220; button_one_bg_color__hover_enabled=&#8220;off&#8220; button_two_bg_color__hover_enabled=&#8220;off&#8220;][\/et_pb_contact_field][et_pb_contact_field field_id=&#8220;Email&#8220; field_title=&#8220;Email&#8220; field_type=&#8220;email&#8220; _builder_version=&#8220;4.16&#8243; global_colors_info=&#8220;{}&#8220; button_text_size__hover_enabled=&#8220;off&#8220; button_one_text_size__hover_enabled=&#8220;off&#8220; button_two_text_size__hover_enabled=&#8220;off&#8220; button_text_color__hover_enabled=&#8220;off&#8220; button_one_text_color__hover_enabled=&#8220;off&#8220; button_two_text_color__hover_enabled=&#8220;off&#8220; button_border_width__hover_enabled=&#8220;off&#8220; button_one_border_width__hover_enabled=&#8220;off&#8220; button_two_border_width__hover_enabled=&#8220;off&#8220; button_border_color__hover_enabled=&#8220;off&#8220; button_one_border_color__hover_enabled=&#8220;off&#8220; button_two_border_color__hover_enabled=&#8220;off&#8220; button_border_radius__hover_enabled=&#8220;off&#8220; button_one_border_radius__hover_enabled=&#8220;off&#8220; button_two_border_radius__hover_enabled=&#8220;off&#8220; button_letter_spacing__hover_enabled=&#8220;off&#8220; button_one_letter_spacing__hover_enabled=&#8220;off&#8220; button_two_letter_spacing__hover_enabled=&#8220;off&#8220; button_bg_color__hover_enabled=&#8220;off&#8220; button_one_bg_color__hover_enabled=&#8220;off&#8220; button_two_bg_color__hover_enabled=&#8220;off&#8220;][\/et_pb_contact_field][et_pb_contact_field field_id=&#8220;Message&#8220; field_title=&#8220;Poruka&#8220; field_type=&#8220;text&#8220; fullwidth_field=&#8220;on&#8220; _builder_version=&#8220;4.16&#8243; global_colors_info=&#8220;{}&#8220; button_text_size__hover_enabled=&#8220;off&#8220; button_one_text_size__hover_enabled=&#8220;off&#8220; button_two_text_size__hover_enabled=&#8220;off&#8220; button_text_color__hover_enabled=&#8220;off&#8220; button_one_text_color__hover_enabled=&#8220;off&#8220; button_two_text_color__hover_enabled=&#8220;off&#8220; button_border_width__hover_enabled=&#8220;off&#8220; button_one_border_width__hover_enabled=&#8220;off&#8220; button_two_border_width__hover_enabled=&#8220;off&#8220; button_border_color__hover_enabled=&#8220;off&#8220; button_one_border_color__hover_enabled=&#8220;off&#8220; button_two_border_color__hover_enabled=&#8220;off&#8220; button_border_radius__hover_enabled=&#8220;off&#8220; button_one_border_radius__hover_enabled=&#8220;off&#8220; button_two_border_radius__hover_enabled=&#8220;off&#8220; button_letter_spacing__hover_enabled=&#8220;off&#8220; button_one_letter_spacing__hover_enabled=&#8220;off&#8220; button_two_letter_spacing__hover_enabled=&#8220;off&#8220; button_bg_color__hover_enabled=&#8220;off&#8220; button_one_bg_color__hover_enabled=&#8220;off&#8220; button_two_bg_color__hover_enabled=&#8220;off&#8220;][\/et_pb_contact_field][\/et_pb_contact_form][\/et_pb_column][\/et_pb_row][et_pb_row column_structure=&#8220;1_2,1_2&#8243; disabled_on=&#8220;on|on|on&#8220; _builder_version=&#8220;4.27.4&#8243; _module_preset=&#8220;default&#8220; width=&#8220;75%&#8220; width_tablet=&#8220;75%&#8220; width_phone=&#8220;95%&#8220; width_last_edited=&#8220;on|phone&#8220; custom_padding=&#8220;|7%||7%|false|true&#8220; disabled=&#8220;on&#8220; global_colors_info=&#8220;{}&#8220;][et_pb_column type=&#8220;1_2&#8243; _builder_version=&#8220;4.27.4&#8243; _module_preset=&#8220;default&#8220; global_colors_info=&#8220;{}&#8220;][et_pb_text disabled_on=&#8220;off|off|off&#8220; _builder_version=&#8220;4.27.4&#8243; _module_preset=&#8220;1cfae5e3-2ecc-46ea-8cfc-0e64177e3207&#8243; header_6_font=&#8220;Montserrat|||on|||||&#8220; header_6_text_color=&#8220;#333333&#8243; text_orientation=&#8220;center&#8220; custom_margin=&#8220;||5px||false|false&#8220; custom_padding=&#8220;||||false|false&#8220; global_colors_info=&#8220;{}&#8220;]<\/p>\n<h6>Tara Cabins Pure Nature Kabina 1.<\/h6>\n<p>[\/et_pb_text][wpbs_divi_single_calendar id=&#8220;1&#8243; title=&#8220;no&#8220; _builder_version=&#8220;4.27.4&#8243; _module_preset=&#8220;default&#8220; module_font=&#8220;Montserrat||||||||&#8220; global_colors_info=&#8220;{}&#8220; _i=&#8220;1&#8243; _address=&#8220;1.3.0.1&#8243; \/][\/et_pb_column][et_pb_column type=&#8220;1_2&#8243; _builder_version=&#8220;4.27.4&#8243; _module_preset=&#8220;default&#8220; global_colors_info=&#8220;{}&#8220;][et_pb_text disabled_on=&#8220;off|off|off&#8220; _builder_version=&#8220;4.27.4&#8243; _module_preset=&#8220;1cfae5e3-2ecc-46ea-8cfc-0e64177e3207&#8243; header_6_font=&#8220;Montserrat|||on|||||&#8220; header_6_text_color=&#8220;#333333&#8243; text_orientation=&#8220;center&#8220; custom_margin=&#8220;||5px||false|false&#8220; custom_padding=&#8220;||||false|false&#8220; global_colors_info=&#8220;{}&#8220;]<\/p>\n<h6>Tara Cabins Pure Nature Kabina 2.<\/h6>\n<p>[\/et_pb_text][wpbs_divi_single_calendar id=&#8220;2&#8243; title=&#8220;no&#8220; _builder_version=&#8220;4.27.4&#8243; _module_preset=&#8220;default&#8220; module_font=&#8220;Montserrat||||||||&#8220; global_colors_info=&#8220;{}&#8220; _i=&#8220;1&#8243; _address=&#8220;1.3.1.1&#8243; \/][\/et_pb_column][\/et_pb_row][\/et_pb_section][et_pb_section fb_built=&#8220;1&#8243; admin_label=&#8220;Footer&#8220; module_id=&#8220;kontakt&#8220; _builder_version=&#8220;4.27.4&#8243; _module_preset=&#8220;default&#8220; background_enable_color=&#8220;off&#8220; custom_margin=&#8220;||0px||false|false&#8220; custom_padding=&#8220;||0px||false|false&#8220; saved_tabs=&#8220;all&#8220; collapsed=&#8220;on&#8220; global_colors_info=&#8220;{%22gcid-5aa9ce6a-8a5e-4347-973a-c6b91f603234%22:%91%22background_color%22%93}&#8220;][et_pb_row _builder_version=&#8220;4.27.4&#8243; _module_preset=&#8220;default&#8220; border_color_all=&#8220;rgba(255,255,255,0.2)&#8220; border_width_top=&#8220;1px&#8220; border_color_top=&#8220;#63908f&#8220; global_colors_info=&#8220;{}&#8220;][et_pb_column type=&#8220;4_4&#8243; _builder_version=&#8220;4.21.0&#8243; _module_preset=&#8220;default&#8220; global_colors_info=&#8220;{}&#8220;][et_pb_text _builder_version=&#8220;4.27.4&#8243; _dynamic_attributes=&#8220;content&#8220; _module_preset=&#8220;default&#8220; text_font=&#8220;Montserrat|300|||||||&#8220; text_text_color=&#8220;#63908f&#8220; text_orientation=&#8220;center&#8220; hover_enabled=&#8220;0&#8243; global_colors_info=&#8220;{}&#8220; sticky_enabled=&#8220;0&#8243;]@ET-DC@eyJkeW5hbWljIjp0cnVlLCJjb250ZW50IjoiY3VycmVudF9kYXRlIiwic2V0dGluZ3MiOnsiYmVmb3JlIjoiQ29weXJpZ2h0IMKpICIsImFmdGVyIjoiIEFsbCBSaWdodHMgUmVzZXJ2ZWQuIFNwZWNpYWwgdGhhbmtzIC0gUGhvdG9zOiBIaWlzaGlpIFBob3RvICZhbXA7IER1xaFhbiBNaWxlbmtvdmnEhyB8IFZpZGVvOiBNYXJrbyDEjHXFoWluIiwiZGF0ZV9mb3JtYXQiOiJjdXN0b20iLCJjdXN0b21fZGF0ZV9mb3JtYXQiOiJZIn19@[\/et_pb_text][\/et_pb_column][\/et_pb_row][\/et_pb_section]<\/p>\n","protected":false},"excerpt":{"rendered":"<p>Uslovi kori\u0161\u0107enja Otvoreno tokom cele godine. Minimalni boravak: 2 uzastopne no\u0107i. Prijavljivanje: nakon 15:00 \u010dasova. Samostalna prijava (self check-in); instrukcije za ulazak \u0161aljemo 1 dan pre dolaska. Odjavljivanje: do 11:00 \u010dasova. Du\u017ea zadr\u017eavanja (10+ no\u0107i) i posebni doga\u0111aji: za ponudu po va\u0161em posebnom zahtevu, kontaktirajte nas putem e-maila. Sve rezervacije se potvr\u0111uju uplatom avansa u [&hellip;]<\/p>\n","protected":false},"author":1,"featured_media":0,"parent":0,"menu_order":0,"comment_status":"closed","ping_status":"closed","template":"","meta":{"_et_pb_use_builder":"on","_et_pb_old_content":"","_et_gb_content_width":"","footnotes":""},"class_list":["post-1448","page","type-page","status-publish","hentry"],"_links":{"self":[{"href":"https:\/\/taracabins.rs\/sr\/wp-json\/wp\/v2\/pages\/1448","targetHints":{"allow":["GET"]}}],"collection":[{"href":"https:\/\/taracabins.rs\/sr\/wp-json\/wp\/v2\/pages"}],"about":[{"href":"https:\/\/taracabins.rs\/sr\/wp-json\/wp\/v2\/types\/page"}],"author":[{"embeddable":true,"href":"https:\/\/taracabins.rs\/sr\/wp-json\/wp\/v2\/users\/1"}],"replies":[{"embeddable":true,"href":"https:\/\/taracabins.rs\/sr\/wp-json\/wp\/v2\/comments?post=1448"}],"version-history":[{"count":6,"href":"https:\/\/taracabins.rs\/sr\/wp-json\/wp\/v2\/pages\/1448\/revisions"}],"predecessor-version":[{"id":1589,"href":"https:\/\/taracabins.rs\/sr\/wp-json\/wp\/v2\/pages\/1448\/revisions\/1589"}],"wp:attachment":[{"href":"https:\/\/taracabins.rs\/sr\/wp-json\/wp\/v2\/media?parent=1448"}],"curies":[{"name":"wp","href":"https:\/\/api.w.org\/{rel}","templated":true}]}}