{"id":1443,"date":"2025-09-22T11:01:56","date_gmt":"2025-09-22T11:01:56","guid":{"rendered":"https:\/\/taracabins.rs\/povezite-se-sa-netaknutom-prirodom\/"},"modified":"2026-02-24T12:41:29","modified_gmt":"2026-02-24T12:41:29","slug":"povezite-se-sa-netaknutom-prirodom","status":"publish","type":"page","link":"https:\/\/taracabins.rs\/sr\/povezite-se-sa-netaknutom-prirodom\/","title":{"rendered":"Pove\u017eite se sa netaknutom prirodom"},"content":{"rendered":"<p>[et_pb_section fb_built=&#8220;1&#8243; _builder_version=&#8220;4.27.4&#8243; _module_preset=&#8220;default&#8220; background_color=&#8220;#63908f&#8220; max_height=&#8220;100px&#8220; custom_margin=&#8220;0px||0px||true|false&#8220; custom_padding=&#8220;0px||0px||true|false&#8220; global_colors_info=&#8220;{}&#8220;][\/et_pb_section][et_pb_section fb_built=&#8220;1&#8243; admin_label=&#8220;About&#8220; _builder_version=&#8220;4.27.4&#8243; _module_preset=&#8220;default&#8220; background_color=&#8220;RGBA(255,255,255,0)&#8220; custom_padding=&#8220;0px||0px||false|false&#8220; collapsed=&#8220;on&#8220; global_colors_info=&#8220;{}&#8220;][et_pb_row module_class=&#8220;overslider&#8220; _builder_version=&#8220;4.27.4&#8243; _module_preset=&#8220;default&#8220; background_color=&#8220;#FFFFFF&#8220; width=&#8220;75%&#8220; width_tablet=&#8220;75%&#8220; width_phone=&#8220;95%&#8220; width_last_edited=&#8220;on|phone&#8220; custom_margin=&#8220;||||false|false&#8220; custom_padding=&#8220;75px|7%|0px|7%|false|true&#8220; global_colors_info=&#8220;{}&#8220;][et_pb_column type=&#8220;4_4&#8243; _builder_version=&#8220;4.21.0&#8243; _module_preset=&#8220;default&#8220; global_colors_info=&#8220;{}&#8220;][et_pb_text _builder_version=&#8220;4.27.4&#8243; _module_preset=&#8220;1cfae5e3-2ecc-46ea-8cfc-0e64177e3207&#8243; header_6_font=&#8220;Montserrat|||on|||||&#8220; header_6_text_color=&#8220;#333333&#8243; text_orientation=&#8220;center&#8220; custom_margin=&#8220;||5px||false|false&#8220; custom_padding=&#8220;1px||||false|false&#8220; global_colors_info=&#8220;{}&#8220;]<\/p>\n<h6>Pove\u017eite se s iskonskom prirodom<\/h6>\n<p>[\/et_pb_text][et_pb_divider color=&#8220;#63908f&#8220; divider_weight=&#8220;2px&#8220; _builder_version=&#8220;4.27.4&#8243; _module_preset=&#8220;default&#8220; width=&#8220;135px&#8220; module_alignment=&#8220;center&#8220; custom_margin=&#8220;||||false|false&#8220; custom_padding=&#8220;||||false|false&#8220; global_colors_info=&#8220;{}&#8220;][\/et_pb_divider][et_pb_text _builder_version=&#8220;4.27.4&#8243; _module_preset=&#8220;d7c632e4-806f-43ef-abd4-fe95a606bfb1&#8243; header_2_font=&#8220;Montserrat|800|||||||&#8220; header_2_text_color=&#8220;#333333&#8243; header_2_font_size=&#8220;45px&#8220; header_3_font=&#8220;Montserrat|800|||||||&#8220; header_3_font_size=&#8220;28px&#8220; header_3_line_height=&#8220;1.2em&#8220; text_orientation=&#8220;center&#8220; custom_margin=&#8220;||||false|false&#8220; custom_padding=&#8220;||||false|false&#8220; global_colors_info=&#8220;{}&#8220;]<\/p>\n<h3>Prona\u0111ite svoj put. Krenite njime.<\/h3>\n<h3>Putovanje po\u010dinje ovde.<\/h3>\n<p>[\/et_pb_text][et_pb_text _builder_version=&#8220;4.27.4&#8243; _module_preset=&#8220;273639a3-6d0e-4230-91c5-11e811000895&#8243; text_font=&#8220;Montserrat|300|||||||&#8220; text_orientation=&#8220;center&#8220; global_colors_info=&#8220;{}&#8220;]<\/p>\n<p style=\"text-align: justify;\">Ovo je mesto gde vreme usporava, a moderna arhitektura \u017eivi u skladu s ve\u010dnim pejza\u017eima. Prostor stvoren za kreativnost, odmor i obnavljanje energije. Tara Cabins Pure Nature predstavlja esenciju odr\u017eive harmonije \u2013 jednostavno, autenti\u010dno i duboko povezano s prirodom.<\/p>\n<p style=\"text-align: justify;\">Svaka kabina je pa\u017eljivo dizajnirana da spoji udobnost i inspiraciju. Prirodni materijali, prijatan name\u0161taj i originalna umetni\u010dka dela stvaraju toplu i uravnote\u017eenu atmosferu. Gosti mogu u\u017eivati u potpunom miru i ti\u0161ini, uz biblioteku ili kamin za tihe trenutke razmi\u0161ljanja. Bilo da boravak delite sa prijateljima, porodicom, partnerom, ili ga posve\u0107ujete samo sebi, Tara Cabins Pure Nature je uto\u010di\u0161te u kojem svaki boravak postaje nezaboravno iskustvo.<\/p>\n<p>[\/et_pb_text][et_pb_gallery gallery_ids=&#8220;1441,1442&#8243; fullwidth=&#8220;on&#8220; _builder_version=&#8220;4.27.4&#8243; _module_preset=&#8220;default&#8220; global_colors_info=&#8220;{}&#8220;][\/et_pb_gallery][et_pb_text _builder_version=&#8220;4.27.4&#8243; _module_preset=&#8220;273639a3-6d0e-4230-91c5-11e811000895&#8243; text_font=&#8220;Montserrat|300|||||||&#8220; text_orientation=&#8220;center&#8220; custom_padding=&#8220;||25px||false|false&#8220; global_colors_info=&#8220;{}&#8220;]<\/p>\n<p style=\"text-align: justify;\">Budenje uz ne\u017enu ti\u0161inu \u0161ume, posmatranje jutarnje magle kako se nadvija nad jezerom, ili u\u017eivanje u ve\u010deri pod nebom punim zvezda \u2013 svaki trenutak poziva vas da se ponovo pove\u017eete sa prirodom i sobom. Kabine nisu zami\u0161ljene samo kao mesta za boravak, ve\u0107 kao prostori koji inspiri\u0161u pa\u017enju i prisutnost. Veza izme\u0111u unutra\u0161njosti i spolja\u0161njosti je izbrisana, dopu\u0161taju\u0107i prirodi da postane deo svakodnevnog \u017eivota.<\/p>\n<p style=\"text-align: justify;\">Ovde izuzetnost nije definisana vi\u0161kom, ve\u0107 samim okru\u017eenjem. Ona se ogleda u privatnosti, zadivljuju\u0107im pogledima na jezero Zaovine i jedinstvenoj atmosferi Tare. Do\u017eivljaj le\u017ei u na\u010dinu na koji se prostor koristi, u na\u010dinu na koji priroda postaje sastavni deo svakodnevnog \u017eivota.<\/p>\n<p>[\/et_pb_text][et_pb_text _builder_version=&#8220;4.27.4&#8243; _module_preset=&#8220;1cfae5e3-2ecc-46ea-8cfc-0e64177e3207&#8243; header_6_font=&#8220;Montserrat|||on|||||&#8220; header_6_text_color=&#8220;#333333&#8243; text_orientation=&#8220;center&#8220; custom_margin=&#8220;||5px||false|false&#8220; custom_padding=&#8220;1px||||false|false&#8220; global_colors_info=&#8220;{}&#8220;]<\/p>\n<h6>Preporuka aktivnosti<\/h6>\n<p>[\/et_pb_text][et_pb_divider color=&#8220;#63908f&#8220; divider_weight=&#8220;2px&#8220; _builder_version=&#8220;4.27.4&#8243; _module_preset=&#8220;default&#8220; width=&#8220;135px&#8220; module_alignment=&#8220;center&#8220; custom_margin=&#8220;||||false|false&#8220; custom_padding=&#8220;||||false|false&#8220; global_colors_info=&#8220;{}&#8220;][\/et_pb_divider][et_pb_image src=&#8220;https:\/\/taracabins.rs\/wp-content\/uploads\/2026\/02\/diagramw-SR.jpg&#8220; show_in_lightbox=&#8220;on&#8220; _builder_version=&#8220;4.27.4&#8243; _module_preset=&#8220;default&#8220; custom_margin=&#8220;||||false|false&#8220; custom_padding=&#8220;||25px||false|false&#8220; global_colors_info=&#8220;{}&#8220;][\/et_pb_image][et_pb_text _builder_version=&#8220;4.27.4&#8243; _module_preset=&#8220;273639a3-6d0e-4230-91c5-11e811000895&#8243; text_font=&#8220;Montserrat|300|||||||&#8220; text_orientation=&#8220;center&#8220; custom_padding=&#8220;||0px||false|false&#8220; global_colors_info=&#8220;{}&#8220;]<\/p>\n<p style=\"text-align: justify;\"><strong>Vlasnici Tara Cabins Pure Nature posebno su ponosni na jedinstvenu energiju i prefinjenost savremenog \u017eivljenja, koja se ogleda u ose\u0107aju mira koji kompleks pru\u017ea. Gosti prepoznaju ovu harmoniju kao jednu od klju\u010dnih vrednosti samog koncepta i projekta.<\/strong><\/p>\n<p>[\/et_pb_text][\/et_pb_column][\/et_pb_row][\/et_pb_section][et_pb_section fb_built=&#8220;1&#8243; admin_label=&#8220;Footer&#8220; module_id=&#8220;kontakt&#8220; _builder_version=&#8220;4.27.4&#8243; _module_preset=&#8220;default&#8220; background_enable_color=&#8220;off&#8220; custom_margin=&#8220;||0px||false|false&#8220; custom_padding=&#8220;||0px||false|false&#8220; saved_tabs=&#8220;all&#8220; collapsed=&#8220;on&#8220; global_colors_info=&#8220;{%22gcid-5aa9ce6a-8a5e-4347-973a-c6b91f603234%22:%91%22background_color%22%93}&#8220;][et_pb_row _builder_version=&#8220;4.27.4&#8243; _module_preset=&#8220;default&#8220; border_color_all=&#8220;rgba(255,255,255,0.2)&#8220; border_width_top=&#8220;1px&#8220; border_color_top=&#8220;#63908f&#8220; global_colors_info=&#8220;{}&#8220;][et_pb_column type=&#8220;4_4&#8243; _builder_version=&#8220;4.21.0&#8243; _module_preset=&#8220;default&#8220; global_colors_info=&#8220;{}&#8220;][et_pb_text _builder_version=&#8220;4.27.4&#8243; _dynamic_attributes=&#8220;content&#8220; _module_preset=&#8220;default&#8220; text_font=&#8220;Montserrat|300|||||||&#8220; text_text_color=&#8220;#63908f&#8220; text_orientation=&#8220;center&#8220; hover_enabled=&#8220;0&#8243; global_colors_info=&#8220;{}&#8220; sticky_enabled=&#8220;0&#8243;]@ET-DC@eyJkeW5hbWljIjp0cnVlLCJjb250ZW50IjoiY3VycmVudF9kYXRlIiwic2V0dGluZ3MiOnsiYmVmb3JlIjoiQ29weXJpZ2h0IMKpICIsImFmdGVyIjoiIEFsbCBSaWdodHMgUmVzZXJ2ZWQuIFNwZWNpYWwgdGhhbmtzIC0gUGhvdG9zOiBIaWlzaGlpIFBob3RvICZhbXA7IER1xaFhbiBNaWxlbmtvdmnEhyB8IFZpZGVvOiBNYXJrbyDEjHXFoWluIiwiZGF0ZV9mb3JtYXQiOiJjdXN0b20iLCJjdXN0b21fZGF0ZV9mb3JtYXQiOiJZIn19@[\/et_pb_text][\/et_pb_column][\/et_pb_row][\/et_pb_section]<\/p>\n","protected":false},"excerpt":{"rendered":"<p>Pove\u017eite se s iskonskom prirodomProna\u0111ite svoj put. Krenite njime. Putovanje po\u010dinje ovde.Ovo je mesto gde vreme usporava, a moderna arhitektura \u017eivi u skladu s ve\u010dnim pejza\u017eima. Prostor stvoren za kreativnost, odmor i obnavljanje energije. Tara Cabins Pure Nature predstavlja esenciju odr\u017eive harmonije \u2013 jednostavno, autenti\u010dno i duboko povezano s prirodom. Svaka kabina je pa\u017eljivo dizajnirana [&hellip;]<\/p>\n","protected":false},"author":1,"featured_media":0,"parent":0,"menu_order":0,"comment_status":"closed","ping_status":"closed","template":"","meta":{"_et_pb_use_builder":"on","_et_pb_old_content":"","_et_gb_content_width":"","footnotes":""},"class_list":["post-1443","page","type-page","status-publish","hentry"],"_links":{"self":[{"href":"https:\/\/taracabins.rs\/sr\/wp-json\/wp\/v2\/pages\/1443","targetHints":{"allow":["GET"]}}],"collection":[{"href":"https:\/\/taracabins.rs\/sr\/wp-json\/wp\/v2\/pages"}],"about":[{"href":"https:\/\/taracabins.rs\/sr\/wp-json\/wp\/v2\/types\/page"}],"author":[{"embeddable":true,"href":"https:\/\/taracabins.rs\/sr\/wp-json\/wp\/v2\/users\/1"}],"replies":[{"embeddable":true,"href":"https:\/\/taracabins.rs\/sr\/wp-json\/wp\/v2\/comments?post=1443"}],"version-history":[{"count":6,"href":"https:\/\/taracabins.rs\/sr\/wp-json\/wp\/v2\/pages\/1443\/revisions"}],"predecessor-version":[{"id":1591,"href":"https:\/\/taracabins.rs\/sr\/wp-json\/wp\/v2\/pages\/1443\/revisions\/1591"}],"wp:attachment":[{"href":"https:\/\/taracabins.rs\/sr\/wp-json\/wp\/v2\/media?parent=1443"}],"curies":[{"name":"wp","href":"https:\/\/api.w.org\/{rel}","templated":true}]}}