{"id":1436,"date":"2025-09-19T10:15:39","date_gmt":"2025-09-19T10:15:39","guid":{"rendered":"https:\/\/taracabins.rs\/kabina-2-kabina-sa-pejzazem-i-kolekcijom-umetnosti\/"},"modified":"2026-02-24T12:39:21","modified_gmt":"2026-02-24T12:39:21","slug":"kabina-2-kabina-sa-pejzazem-i-kolekcijom-umetnosti","status":"publish","type":"page","link":"https:\/\/taracabins.rs\/sr\/kabina-2-kabina-sa-pejzazem-i-kolekcijom-umetnosti\/","title":{"rendered":"Kabina 2. Kabina sa pejza\u017eem i kolekcijom umetnosti"},"content":{"rendered":"<p>[et_pb_section fb_built=&#8220;1&#8243; _builder_version=&#8220;4.27.4&#8243; _module_preset=&#8220;default&#8220; background_color=&#8220;#000000&#8243; custom_margin=&#8220;||||false|false&#8220; custom_padding=&#8220;0px||0px||true|false&#8220; custom_css_free_form=&#8220;selector{||  padding-top:0px!important;||}&#8220; global_colors_info=&#8220;{}&#8220;][et_pb_row _builder_version=&#8220;4.27.4&#8243; _module_preset=&#8220;default&#8220; width=&#8220;100%&#8220; max_width=&#8220;100%&#8220; custom_padding=&#8220;0px||0px||true|false&#8220; global_colors_info=&#8220;{}&#8220;][et_pb_column type=&#8220;4_4&#8243; _builder_version=&#8220;4.27.4&#8243; _module_preset=&#8220;default&#8220; global_colors_info=&#8220;{}&#8220;][et_pb_slider _builder_version=&#8220;4.27.4&#8243; _module_preset=&#8220;default&#8220; height=&#8220;120vh&#8220; height_tablet=&#8220;120vh&#8220; height_phone=&#8220;100vh&#8220; height_last_edited=&#8220;on|phone&#8220; custom_margin=&#8220;||||false|false&#8220; custom_padding=&#8220;||||false|false&#8220; global_colors_info=&#8220;{}&#8220;][et_pb_slide heading=&#8220;Ni\u0161ta ne mora\u0161. Ili mo\u017ee\u0161 sve. Ostavi svet iza sebe.&#8220; _builder_version=&#8220;4.27.4&#8243; _module_preset=&#8220;default&#8220; header_font=&#8220;Montserrat|800|||||||&#8220; background_enable_color=&#8220;off&#8220; background_image=&#8220;https:\/\/taracabins.rs\/wp-content\/uploads\/2025\/09\/1T6A3469.jpg&#8220; background_enable_image=&#8220;on&#8220; background_position=&#8220;bottom_center&#8220; global_colors_info=&#8220;{}&#8220; sticky_transition=&#8220;on&#8220;][\/et_pb_slide][et_pb_slide _builder_version=&#8220;4.27.4&#8243; _module_preset=&#8220;default&#8220; background_enable_color=&#8220;off&#8220; background_image=&#8220;https:\/\/taracabins.rs\/wp-content\/uploads\/2025\/10\/1T6A3471w1.jpg&#8220; background_enable_image=&#8220;on&#8220; background_position=&#8220;bottom_center&#8220; global_colors_info=&#8220;{}&#8220; sticky_transition=&#8220;on&#8220;][\/et_pb_slide][\/et_pb_slider][\/et_pb_column][\/et_pb_row][\/et_pb_section][et_pb_section fb_built=&#8220;1&#8243; admin_label=&#8220;About&#8220; _builder_version=&#8220;4.27.4&#8243; _module_preset=&#8220;default&#8220; background_color=&#8220;RGBA(255,255,255,0)&#8220; custom_padding=&#8220;0px||0px||false|false&#8220; collapsed=&#8220;on&#8220; global_colors_info=&#8220;{}&#8220;][et_pb_row module_class=&#8220;overslider&#8220; _builder_version=&#8220;4.27.4&#8243; _module_preset=&#8220;default&#8220; background_color=&#8220;#FFFFFF&#8220; width=&#8220;75%&#8220; width_tablet=&#8220;75%&#8220; width_phone=&#8220;95%&#8220; width_last_edited=&#8220;on|phone&#8220; custom_margin=&#8220;||||false|false&#8220; custom_padding=&#8220;75px|7%|0px|7%|false|true&#8220; global_colors_info=&#8220;{}&#8220;][et_pb_column type=&#8220;4_4&#8243; _builder_version=&#8220;4.21.0&#8243; _module_preset=&#8220;default&#8220; global_colors_info=&#8220;{}&#8220;][et_pb_text _builder_version=&#8220;4.27.4&#8243; _module_preset=&#8220;273639a3-6d0e-4230-91c5-11e811000895&#8243; text_font=&#8220;Montserrat|300|||||||&#8220; text_orientation=&#8220;center&#8220; global_colors_info=&#8220;{}&#8220;]<\/p>\n<p style=\"text-align: justify;\">Savr\u0161eno uto\u010di\u0161te za intimni beg. Art Collectors Landscape Cabin je prilika za one koji prirodu do\u017eivljavaju kao luksuz, cene savremenu arhitekturu zasnovanu na odr\u017eivim principima ili jednostavno tra\u017ee mir i ti\u0161inu. Sofisticirana harmonija modernog dizajna i nasle\u0111a \u2014 na\u0161i enterijeri i eksterijeri odra\u017eavaju sopstvenu funkcionalnost podr\u017eavaju\u0107i prirodna na\u010dela Nacionalnog parka Tara.<\/p>\n<p>[\/et_pb_text][\/et_pb_column][\/et_pb_row][et_pb_row use_custom_gutter=&#8220;on&#8220; gutter_width=&#8220;2&#8243; _builder_version=&#8220;4.27.4&#8243; _module_preset=&#8220;default&#8220; width=&#8220;75%&#8220; width_tablet=&#8220;75%&#8220; width_phone=&#8220;95%&#8220; width_last_edited=&#8220;on|phone&#8220; custom_padding=&#8220;|5%||5.7%|false|false&#8220; global_colors_info=&#8220;{}&#8220;][et_pb_column type=&#8220;4_4&#8243; _builder_version=&#8220;4.27.4&#8243; _module_preset=&#8220;default&#8220; global_colors_info=&#8220;{}&#8220;][et_pb_gallery gallery_ids=&#8220;1425,1426,1427,1428,1429,1430,1431,1432,1433&#8243; posts_number=&#8220;9&#8243; show_title_and_caption=&#8220;off&#8220; show_pagination=&#8220;off&#8220; zoom_icon_color=&#8220;RGBA(255,255,255,0)&#8220; hover_overlay_color=&#8220;rgba(0,0,0,0.4)&#8220; module_class=&#8220;pa-image-gallery-1-1&#8243; _builder_version=&#8220;4.27.4&#8243; _module_preset=&#8220;default&#8220; custom_css_gallery_item=&#8220;width: 29% !important;||margin: 0 !important;||clear: none !important;||margin: 2% !important;&#8220; global_colors_info=&#8220;{}&#8220;][\/et_pb_gallery][\/et_pb_column][\/et_pb_row][et_pb_row _builder_version=&#8220;4.27.4&#8243; _module_preset=&#8220;default&#8220; width=&#8220;75%&#8220; width_tablet=&#8220;75%&#8220; width_phone=&#8220;95%&#8220; width_last_edited=&#8220;on|phone&#8220; custom_padding=&#8220;0px|7%||7%|false|true&#8220; global_colors_info=&#8220;{}&#8220;][et_pb_column type=&#8220;4_4&#8243; _builder_version=&#8220;4.27.4&#8243; _module_preset=&#8220;default&#8220; global_colors_info=&#8220;{}&#8220;][et_pb_text _builder_version=&#8220;4.27.4&#8243; _module_preset=&#8220;273639a3-6d0e-4230-91c5-11e811000895&#8243; text_font=&#8220;Montserrat|300|||||||&#8220; text_orientation=&#8220;center&#8220; global_colors_info=&#8220;{}&#8220;]<\/p>\n<p style=\"text-align: justify;\">Ostavite svakodnevicu iza sebe. Otkrijte Art Collectors Landscape Cabin \u2014 uto\u010di\u0161te sofisticiranog dizajna, za dve do tri osobe, sa prostranim dnevnim boravkom, posebnom spava\u0107om sobom, potpuno opremljenom kuhinjom i intimnom terasom sa pogledom na \u0161umu. Impresivne staklene povr\u0161ine uokviruju pejza\u017ee poput \u017eivih remek dela, otvaraju\u0107i se ka okolnim planinama. Veliki prozori gledaju na \u0161umu gde se visoki borovi uzdi\u017eu pru\u017eaju\u0107i duboko osve\u017eavaju\u0107u povezanost s prirodom.<\/p>\n<p>[\/et_pb_text][\/et_pb_column][\/et_pb_row][et_pb_row column_structure=&#8220;1_5,1_5,1_5,1_5,1_5&#8243; module_class=&#8220;two-col-row&#8220; _builder_version=&#8220;4.27.4&#8243; _module_preset=&#8220;default&#8220; width=&#8220;75%&#8220; custom_margin=&#8220;75px||75px||true|false&#8220; custom_margin_tablet=&#8220;75px||75px||true|false&#8220; custom_margin_phone=&#8220;0px||15px||false|false&#8220; custom_margin_last_edited=&#8220;on|phone&#8220; custom_padding=&#8220;||10px||false|false&#8220; border_width_top=&#8220;1px&#8220; border_color_top=&#8220;#63908f&#8220; border_width_bottom=&#8220;1px&#8220; border_color_bottom=&#8220;#63908f&#8220; global_colors_info=&#8220;{}&#8220;][et_pb_column type=&#8220;1_5&#8243; _builder_version=&#8220;4.21.0&#8243; _module_preset=&#8220;default&#8220; global_colors_info=&#8220;{}&#8220;][et_pb_image src=&#8220;https:\/\/taracabins.rs\/wp-content\/uploads\/2025\/08\/home-rental-08.png&#8220; title_text=&#8220;home-rental-08&#8243; align=&#8220;center&#8220; _builder_version=&#8220;4.27.4&#8243; _module_preset=&#8220;default&#8220; max_width=&#8220;48px&#8220; max_width_tablet=&#8220;48px&#8220; max_width_phone=&#8220;30px&#8220; max_width_last_edited=&#8220;on|phone&#8220; max_height=&#8220;48px&#8220; custom_margin_tablet=&#8220;&#8220; custom_margin_phone=&#8220;||5px||false|false&#8220; custom_margin_last_edited=&#8220;on|phone&#8220; global_colors_info=&#8220;{}&#8220;][\/et_pb_image][et_pb_text _builder_version=&#8220;4.27.4&#8243; _module_preset=&#8220;1cfae5e3-2ecc-46ea-8cfc-0e64177e3207&#8243; header_6_font=&#8220;Montserrat|||on|||||&#8220; header_6_text_color=&#8220;#333333&#8243; text_orientation=&#8220;center&#8220; custom_margin=&#8220;||5px||false|false&#8220; custom_padding=&#8220;||||false|false&#8220; global_colors_info=&#8220;{}&#8220;]<\/p>\n<h6>BRA\u010cNI KREVET<\/h6>\n<p>[\/et_pb_text][\/et_pb_column][et_pb_column type=&#8220;1_5&#8243; _builder_version=&#8220;4.21.0&#8243; _module_preset=&#8220;default&#8220; global_colors_info=&#8220;{}&#8220;][et_pb_image src=&#8220;https:\/\/taracabins.rs\/wp-content\/uploads\/2025\/08\/home-rental-07.png&#8220; title_text=&#8220;home-rental-07&#8243; align=&#8220;center&#8220; _builder_version=&#8220;4.27.4&#8243; _module_preset=&#8220;default&#8220; max_width=&#8220;48px&#8220; max_width_tablet=&#8220;48px&#8220; max_width_phone=&#8220;30px&#8220; max_width_last_edited=&#8220;on|phone&#8220; max_height=&#8220;48px&#8220; custom_margin_tablet=&#8220;&#8220; custom_margin_phone=&#8220;||5px||false|false&#8220; custom_margin_last_edited=&#8220;on|phone&#8220; global_colors_info=&#8220;{}&#8220;][\/et_pb_image][et_pb_text _builder_version=&#8220;4.27.4&#8243; _module_preset=&#8220;1cfae5e3-2ecc-46ea-8cfc-0e64177e3207&#8243; header_6_font=&#8220;Montserrat|||on|||||&#8220; header_6_text_color=&#8220;#333333&#8243; text_orientation=&#8220;center&#8220; custom_margin=&#8220;||5px||false|false&#8220; custom_padding=&#8220;||||false|false&#8220; global_colors_info=&#8220;{}&#8220;]<\/p>\n<h6>KUPATILO<\/h6>\n<p>[\/et_pb_text][\/et_pb_column][et_pb_column type=&#8220;1_5&#8243; _builder_version=&#8220;4.21.0&#8243; _module_preset=&#8220;default&#8220; global_colors_info=&#8220;{}&#8220;][et_pb_image src=&#8220;https:\/\/taracabins.rs\/wp-content\/uploads\/2025\/08\/home-rental-06.png&#8220; title_text=&#8220;home-rental-07&#8243; align=&#8220;center&#8220; _builder_version=&#8220;4.27.4&#8243; _module_preset=&#8220;default&#8220; max_width=&#8220;48px&#8220; max_width_tablet=&#8220;48px&#8220; max_width_phone=&#8220;30px&#8220; max_width_last_edited=&#8220;on|phone&#8220; max_height=&#8220;48px&#8220; custom_margin_tablet=&#8220;&#8220; custom_margin_phone=&#8220;||5px||false|false&#8220; custom_margin_last_edited=&#8220;on|phone&#8220; global_colors_info=&#8220;{}&#8220;][\/et_pb_image][et_pb_text _builder_version=&#8220;4.27.4&#8243; _module_preset=&#8220;1cfae5e3-2ecc-46ea-8cfc-0e64177e3207&#8243; header_6_font=&#8220;Montserrat|||on|||||&#8220; header_6_text_color=&#8220;#333333&#8243; text_orientation=&#8220;center&#8220; custom_margin=&#8220;||5px||false|false&#8220; custom_padding=&#8220;||||false|false&#8220; global_colors_info=&#8220;{}&#8220;]<\/p>\n<h6>KUHINJA<\/h6>\n<p>[\/et_pb_text][\/et_pb_column][et_pb_column type=&#8220;1_5&#8243; _builder_version=&#8220;4.21.0&#8243; _module_preset=&#8220;default&#8220; global_colors_info=&#8220;{}&#8220;][et_pb_image src=&#8220;https:\/\/taracabins.rs\/wp-content\/uploads\/2025\/10\/wifi-icon.jpg&#8220; title_text=&#8220;home-rental-07&#8243; align=&#8220;center&#8220; _builder_version=&#8220;4.27.4&#8243; _module_preset=&#8220;default&#8220; max_width=&#8220;48px&#8220; max_width_tablet=&#8220;48px&#8220; max_width_phone=&#8220;30px&#8220; max_width_last_edited=&#8220;on|phone&#8220; max_height=&#8220;48px&#8220; custom_margin_tablet=&#8220;&#8220; custom_margin_phone=&#8220;||5px||false|false&#8220; custom_margin_last_edited=&#8220;on|phone&#8220; global_colors_info=&#8220;{}&#8220;][\/et_pb_image][et_pb_text _builder_version=&#8220;4.27.4&#8243; _module_preset=&#8220;1cfae5e3-2ecc-46ea-8cfc-0e64177e3207&#8243; header_6_font=&#8220;Montserrat|||on|||||&#8220; header_6_text_color=&#8220;#333333&#8243; text_orientation=&#8220;center&#8220; custom_margin=&#8220;||5px||false|false&#8220; custom_padding=&#8220;||||false|false&#8220; global_colors_info=&#8220;{}&#8220;]<\/p>\n<h6>Wi-fi<\/h6>\n<p>[\/et_pb_text][\/et_pb_column][et_pb_column type=&#8220;1_5&#8243; _builder_version=&#8220;4.21.0&#8243; _module_preset=&#8220;default&#8220; global_colors_info=&#8220;{}&#8220;][et_pb_image src=&#8220;https:\/\/taracabins.rs\/wp-content\/uploads\/2025\/10\/terrace-icon.jpg&#8220; title_text=&#8220;home-rental-07&#8243; align=&#8220;center&#8220; _builder_version=&#8220;4.27.4&#8243; _module_preset=&#8220;default&#8220; max_width=&#8220;48px&#8220; max_width_tablet=&#8220;48px&#8220; max_width_phone=&#8220;30px&#8220; max_width_last_edited=&#8220;on|phone&#8220; max_height=&#8220;48px&#8220; custom_margin_tablet=&#8220;&#8220; custom_margin_phone=&#8220;||5px||false|false&#8220; custom_margin_last_edited=&#8220;on|phone&#8220; global_colors_info=&#8220;{}&#8220;][\/et_pb_image][et_pb_text _builder_version=&#8220;4.27.4&#8243; _module_preset=&#8220;1cfae5e3-2ecc-46ea-8cfc-0e64177e3207&#8243; header_6_font=&#8220;Montserrat|||on|||||&#8220; header_6_text_color=&#8220;#333333&#8243; text_orientation=&#8220;center&#8220; custom_margin=&#8220;||5px||false|false&#8220; custom_padding=&#8220;||||false|false&#8220; global_colors_info=&#8220;{}&#8220;]<\/p>\n<h6>TERASA<\/h6>\n<p>[\/et_pb_text][\/et_pb_column][\/et_pb_row][et_pb_row _builder_version=&#8220;4.27.4&#8243; _module_preset=&#8220;default&#8220; width=&#8220;75%&#8220; width_tablet=&#8220;75%&#8220; width_phone=&#8220;95%&#8220; width_last_edited=&#8220;on|phone&#8220; custom_padding=&#8220;|7%||7%|false|true&#8220; global_colors_info=&#8220;{}&#8220;][et_pb_column type=&#8220;4_4&#8243; _builder_version=&#8220;4.27.4&#8243; _module_preset=&#8220;default&#8220; global_colors_info=&#8220;{}&#8220;][et_pb_text _builder_version=&#8220;4.27.4&#8243; _module_preset=&#8220;1cfae5e3-2ecc-46ea-8cfc-0e64177e3207&#8243; header_6_font=&#8220;Montserrat|||on|||||&#8220; header_6_text_color=&#8220;#333333&#8243; text_orientation=&#8220;center&#8220; custom_margin=&#8220;||5px||false|false&#8220; custom_padding=&#8220;||||false|false&#8220; global_colors_info=&#8220;{}&#8220;]<\/p>\n<h6>AKTIVNOSTI<\/h6>\n<p>[\/et_pb_text][et_pb_divider color=&#8220;#63908f&#8220; divider_weight=&#8220;2px&#8220; _builder_version=&#8220;4.27.4&#8243; _module_preset=&#8220;default&#8220; width=&#8220;135px&#8220; module_alignment=&#8220;center&#8220; custom_margin=&#8220;||||false|false&#8220; custom_padding=&#8220;||||false|false&#8220; global_colors_info=&#8220;{}&#8220;][\/et_pb_divider][et_pb_text _builder_version=&#8220;4.27.4&#8243; _module_preset=&#8220;273639a3-6d0e-4230-91c5-11e811000895&#8243; text_font=&#8220;Montserrat|300|||||||&#8220; text_orientation=&#8220;center&#8220; global_colors_info=&#8220;{}&#8220;]<\/p>\n<p style=\"text-align: center;\">Mali begovi, velika otkri\u0107a. Polaze\u0107i iz Tara Cabins Pure Nature, istra\u017eite jednodnevne izlete i rute koje otkrivaju panorame koje oduzimaju dah, bogato nasle\u0111e i skrivene darove prirode.<\/p>\n<p>[\/et_pb_text][\/et_pb_column][\/et_pb_row][et_pb_row column_structure=&#8220;1_3,1_3,1_3&#8243; use_custom_gutter=&#8220;on&#8220; gutter_width=&#8220;2&#8243; custom_padding_last_edited=&#8220;on|phone&#8220; module_class=&#8220;three-col-row&#8220; _builder_version=&#8220;4.27.4&#8243; _module_preset=&#8220;default&#8220; width=&#8220;75%&#8220; width_tablet=&#8220;75%&#8220; width_phone=&#8220;95%&#8220; width_last_edited=&#8220;on|phone&#8220; custom_margin=&#8220;||||false|false&#8220; custom_padding=&#8220;|7%|0px|7%|false|true&#8220; custom_padding_tablet=&#8220;|7%|0px|7%|false|true&#8220; custom_padding_phone=&#8220;0px|7%|0px|7%|false|true&#8220; global_colors_info=&#8220;{}&#8220;][et_pb_column type=&#8220;1_3&#8243; _builder_version=&#8220;4.27.4&#8243; _module_preset=&#8220;default&#8220; global_colors_info=&#8220;{}&#8220;][et_pb_image src=&#8220;https:\/\/taracabins.rs\/wp-content\/uploads\/2025\/09\/fish.jpg&#8220; _builder_version=&#8220;4.27.4&#8243; _module_preset=&#8220;default&#8220; custom_margin_tablet=&#8220;&#8220; custom_margin_phone=&#8220;||5px||false|false&#8220; custom_margin_last_edited=&#8220;on|phone&#8220; global_colors_info=&#8220;{}&#8220;][\/et_pb_image][et_pb_text _builder_version=&#8220;4.27.4&#8243; _module_preset=&#8220;1cfae5e3-2ecc-46ea-8cfc-0e64177e3207&#8243; header_6_font=&#8220;Montserrat|300||on|||on|RGBA(255,255,255,0)|&#8220; header_6_text_color=&#8220;#333333&#8243; text_orientation=&#8220;center&#8220; custom_margin=&#8220;||5px||false|false&#8220; custom_padding=&#8220;||||false|false&#8220; header_6_font_size_phone=&#8220;11px&#8220; global_colors_info=&#8220;{}&#8220;]<\/p>\n<h6>VODENE AKTIVNOSTI<\/h6>\n<p>[\/et_pb_text][\/et_pb_column][et_pb_column type=&#8220;1_3&#8243; _builder_version=&#8220;4.27.4&#8243; _module_preset=&#8220;default&#8220; global_colors_info=&#8220;{}&#8220;][et_pb_image src=&#8220;https:\/\/taracabins.rs\/wp-content\/uploads\/2025\/09\/hike.jpg&#8220; _builder_version=&#8220;4.27.4&#8243; _module_preset=&#8220;default&#8220; custom_margin_tablet=&#8220;&#8220; custom_margin_phone=&#8220;||5px||false|false&#8220; custom_margin_last_edited=&#8220;on|phone&#8220; global_colors_info=&#8220;{}&#8220;][\/et_pb_image][et_pb_text _builder_version=&#8220;4.27.4&#8243; _module_preset=&#8220;1cfae5e3-2ecc-46ea-8cfc-0e64177e3207&#8243; header_6_font=&#8220;Montserrat|300||on|||||&#8220; header_6_text_color=&#8220;#333333&#8243; text_orientation=&#8220;center&#8220; custom_margin=&#8220;||5px||false|false&#8220; custom_padding=&#8220;||||false|false&#8220; header_6_font_size_phone=&#8220;11px&#8220; global_colors_info=&#8220;{}&#8220;]<\/p>\n<h6>\u0160ETNJA PRIRODOM<\/h6>\n<p>[\/et_pb_text][\/et_pb_column][et_pb_column type=&#8220;1_3&#8243; _builder_version=&#8220;4.27.4&#8243; _module_preset=&#8220;default&#8220; global_colors_info=&#8220;{}&#8220;][et_pb_image src=&#8220;https:\/\/taracabins.rs\/wp-content\/uploads\/2025\/09\/snow1.jpg&#8220; _builder_version=&#8220;4.27.4&#8243; _module_preset=&#8220;default&#8220; custom_margin_tablet=&#8220;&#8220; custom_margin_phone=&#8220;||5px||false|false&#8220; custom_margin_last_edited=&#8220;on|phone&#8220; global_colors_info=&#8220;{}&#8220;][\/et_pb_image][et_pb_text _builder_version=&#8220;4.27.4&#8243; _module_preset=&#8220;1cfae5e3-2ecc-46ea-8cfc-0e64177e3207&#8243; header_6_font=&#8220;Montserrat|300||on|||||&#8220; header_6_text_color=&#8220;#333333&#8243; text_orientation=&#8220;center&#8220; custom_margin=&#8220;||5px||false|false&#8220; custom_padding=&#8220;||||false|false&#8220; header_6_font_size_phone=&#8220;11px&#8220; global_colors_info=&#8220;{}&#8220;]<\/p>\n<h6>TURNO SKIJANJE<\/h6>\n<p>[\/et_pb_text][\/et_pb_column][\/et_pb_row][et_pb_row column_structure=&#8220;1_3,1_3,1_3&#8243; use_custom_gutter=&#8220;on&#8220; gutter_width=&#8220;2&#8243; make_equal=&#8220;on&#8220; custom_padding_last_edited=&#8220;on|phone&#8220; module_class=&#8220;three-col-row&#8220; _builder_version=&#8220;4.27.4&#8243; _module_preset=&#8220;default&#8220; width=&#8220;75%&#8220; width_tablet=&#8220;75%&#8220; width_phone=&#8220;95%&#8220; width_last_edited=&#8220;on|phone&#8220; custom_margin=&#8220;||||false|false&#8220; custom_padding=&#8220;|7%||7%|false|true&#8220; custom_padding_tablet=&#8220;|7%||7%|false|true&#8220; custom_padding_phone=&#8220;0px|7%|0px|7%|true|true&#8220; global_colors_info=&#8220;{}&#8220;][et_pb_column type=&#8220;1_3&#8243; _builder_version=&#8220;4.27.4&#8243; _module_preset=&#8220;default&#8220; global_colors_info=&#8220;{}&#8220;][et_pb_image src=&#8220;https:\/\/taracabins.rs\/wp-content\/uploads\/2025\/09\/cult.jpg&#8220; _builder_version=&#8220;4.27.4&#8243; _module_preset=&#8220;default&#8220; custom_margin_tablet=&#8220;&#8220; custom_margin_phone=&#8220;||5px||false|false&#8220; custom_margin_last_edited=&#8220;on|phone&#8220; global_colors_info=&#8220;{}&#8220;][\/et_pb_image][et_pb_text _builder_version=&#8220;4.27.4&#8243; _module_preset=&#8220;1cfae5e3-2ecc-46ea-8cfc-0e64177e3207&#8243; header_6_font=&#8220;Montserrat|300||on|||||&#8220; header_6_text_color=&#8220;#333333&#8243; text_orientation=&#8220;center&#8220; custom_margin=&#8220;||5px||false|false&#8220; custom_padding=&#8220;||||false|false&#8220; header_6_font_size_phone=&#8220;11px&#8220; global_colors_info=&#8220;{}&#8220;]<\/p>\n<h6>U\u017dIVAJTE U GASTRONOMIJI I KULTURI<\/h6>\n<p>[\/et_pb_text][\/et_pb_column][et_pb_column type=&#8220;1_3&#8243; _builder_version=&#8220;4.27.4&#8243; _module_preset=&#8220;default&#8220; global_colors_info=&#8220;{}&#8220;][et_pb_image src=&#8220;https:\/\/taracabins.rs\/wp-content\/uploads\/2025\/09\/relax-pn.jpg&#8220; _builder_version=&#8220;4.27.4&#8243; _module_preset=&#8220;default&#8220; custom_margin_tablet=&#8220;&#8220; custom_margin_phone=&#8220;||5px||false|false&#8220; custom_margin_last_edited=&#8220;on|phone&#8220; custom_padding_tablet=&#8220;&#8220; custom_padding_phone=&#8220;||||false|false&#8220; custom_padding_last_edited=&#8220;on|phone&#8220; global_colors_info=&#8220;{}&#8220;][\/et_pb_image][et_pb_text _builder_version=&#8220;4.27.4&#8243; _module_preset=&#8220;1cfae5e3-2ecc-46ea-8cfc-0e64177e3207&#8243; header_6_font=&#8220;Montserrat|300||on|||||&#8220; header_6_text_color=&#8220;#333333&#8243; text_orientation=&#8220;center&#8220; custom_margin=&#8220;||5px||false|false&#8220; custom_padding=&#8220;||||false|false&#8220; header_6_font_size_phone=&#8220;11px&#8220; global_colors_info=&#8220;{}&#8220;]<\/p>\n<h6>OPUSTITE SE U \u010cISTOJ PRIRODI<\/h6>\n<p>[\/et_pb_text][\/et_pb_column][et_pb_column type=&#8220;1_3&#8243; _builder_version=&#8220;4.27.4&#8243; _module_preset=&#8220;default&#8220; global_colors_info=&#8220;{}&#8220;][et_pb_image src=&#8220;https:\/\/taracabins.rs\/wp-content\/uploads\/2025\/10\/bg-do-nothing2.jpg&#8220; _builder_version=&#8220;4.27.4&#8243; _module_preset=&#8220;default&#8220; background_color=&#8220;#f6f6f6&#8243; custom_margin_tablet=&#8220;&#8220; custom_margin_phone=&#8220;||5px||false|false&#8220; custom_margin_last_edited=&#8220;on|phone&#8220; global_colors_info=&#8220;{}&#8220;][\/et_pb_image][et_pb_text _builder_version=&#8220;4.27.4&#8243; _module_preset=&#8220;1cfae5e3-2ecc-46ea-8cfc-0e64177e3207&#8243; header_6_font=&#8220;Montserrat|300||on|||||&#8220; header_6_text_color=&#8220;#333333&#8243; text_orientation=&#8220;center&#8220; custom_margin=&#8220;||5px||false|false&#8220; custom_padding=&#8220;||||false|false&#8220; header_6_font_size_phone=&#8220;11px&#8220; global_colors_info=&#8220;{}&#8220;]<\/p>\n<h6>NE RADITE NI\u0160TA<\/h6>\n<p>[\/et_pb_text][\/et_pb_column][\/et_pb_row][\/et_pb_section][et_pb_section fb_built=&#8220;1&#8243; admin_label=&#8220;Footer&#8220; module_id=&#8220;kontakt&#8220; _builder_version=&#8220;4.27.4&#8243; _module_preset=&#8220;default&#8220; background_enable_color=&#8220;off&#8220; custom_margin=&#8220;||0px||false|false&#8220; custom_padding=&#8220;||0px||false|false&#8220; saved_tabs=&#8220;all&#8220; collapsed=&#8220;on&#8220; global_colors_info=&#8220;{%22gcid-5aa9ce6a-8a5e-4347-973a-c6b91f603234%22:%91%22background_color%22%93}&#8220;][et_pb_row _builder_version=&#8220;4.27.4&#8243; _module_preset=&#8220;default&#8220; border_color_all=&#8220;rgba(255,255,255,0.2)&#8220; border_width_top=&#8220;1px&#8220; border_color_top=&#8220;#63908f&#8220; global_colors_info=&#8220;{}&#8220;][et_pb_column type=&#8220;4_4&#8243; _builder_version=&#8220;4.21.0&#8243; _module_preset=&#8220;default&#8220; global_colors_info=&#8220;{}&#8220;][et_pb_text _builder_version=&#8220;4.27.4&#8243; _dynamic_attributes=&#8220;content&#8220; _module_preset=&#8220;default&#8220; text_font=&#8220;Montserrat|300|||||||&#8220; text_text_color=&#8220;#63908f&#8220; text_orientation=&#8220;center&#8220; hover_enabled=&#8220;0&#8243; global_colors_info=&#8220;{}&#8220; sticky_enabled=&#8220;0&#8243;]@ET-DC@eyJkeW5hbWljIjp0cnVlLCJjb250ZW50IjoiY3VycmVudF9kYXRlIiwic2V0dGluZ3MiOnsiYmVmb3JlIjoiQ29weXJpZ2h0IMKpICIsImFmdGVyIjoiIEFsbCBSaWdodHMgUmVzZXJ2ZWQuIFNwZWNpYWwgdGhhbmtzIC0gUGhvdG9zOiBIaWlzaGlpIFBob3RvICZhbXA7IER1xaFhbiBNaWxlbmtvdmnEhyB8IFZpZGVvOiBNYXJrbyDEjHXFoWluIiwiZGF0ZV9mb3JtYXQiOiJjdXN0b20iLCJjdXN0b21fZGF0ZV9mb3JtYXQiOiJZIn19@[\/et_pb_text][\/et_pb_column][\/et_pb_row][\/et_pb_section]<\/p>\n","protected":false},"excerpt":{"rendered":"<p>Savr\u0161eno uto\u010di\u0161te za intimni beg. Art Collectors Landscape Cabin je prilika za one koji prirodu do\u017eivljavaju kao luksuz, cene savremenu arhitekturu zasnovanu na odr\u017eivim principima ili jednostavno tra\u017ee mir i ti\u0161inu. Sofisticirana harmonija modernog dizajna i nasle\u0111a \u2014 na\u0161i enterijeri i eksterijeri odra\u017eavaju sopstvenu funkcionalnost podr\u017eavaju\u0107i prirodna na\u010dela Nacionalnog parka Tara.Ostavite svakodnevicu iza sebe. Otkrijte [&hellip;]<\/p>\n","protected":false},"author":1,"featured_media":0,"parent":0,"menu_order":0,"comment_status":"closed","ping_status":"closed","template":"","meta":{"_et_pb_use_builder":"on","_et_pb_old_content":"","_et_gb_content_width":"","footnotes":""},"class_list":["post-1436","page","type-page","status-publish","hentry"],"_links":{"self":[{"href":"https:\/\/taracabins.rs\/sr\/wp-json\/wp\/v2\/pages\/1436","targetHints":{"allow":["GET"]}}],"collection":[{"href":"https:\/\/taracabins.rs\/sr\/wp-json\/wp\/v2\/pages"}],"about":[{"href":"https:\/\/taracabins.rs\/sr\/wp-json\/wp\/v2\/types\/page"}],"author":[{"embeddable":true,"href":"https:\/\/taracabins.rs\/sr\/wp-json\/wp\/v2\/users\/1"}],"replies":[{"embeddable":true,"href":"https:\/\/taracabins.rs\/sr\/wp-json\/wp\/v2\/comments?post=1436"}],"version-history":[{"count":9,"href":"https:\/\/taracabins.rs\/sr\/wp-json\/wp\/v2\/pages\/1436\/revisions"}],"predecessor-version":[{"id":1584,"href":"https:\/\/taracabins.rs\/sr\/wp-json\/wp\/v2\/pages\/1436\/revisions\/1584"}],"wp:attachment":[{"href":"https:\/\/taracabins.rs\/sr\/wp-json\/wp\/v2\/media?parent=1436"}],"curies":[{"name":"wp","href":"https:\/\/api.w.org\/{rel}","templated":true}]}}