{"id":1376,"date":"2025-08-14T19:57:28","date_gmt":"2025-08-14T19:57:28","guid":{"rendered":"https:\/\/taracabins.rs\/%d0%bf%d0%be%d1%87%d0%b5%d1%82%d0%bd%d0%b02\/"},"modified":"2026-02-24T12:37:03","modified_gmt":"2026-02-24T12:37:03","slug":"pocetna","status":"publish","type":"page","link":"https:\/\/taracabins.rs\/sr\/","title":{"rendered":"Po\u010detna"},"content":{"rendered":"<p>[et_pb_section fb_built=&#8220;1&#8243; _builder_version=&#8220;4.27.4&#8243; _module_preset=&#8220;default&#8220; background_color=&#8220;#000000&#8243; custom_margin=&#8220;||||false|false&#8220; custom_padding=&#8220;0px||0px||true|false&#8220; custom_css_free_form=&#8220;selector{||  padding-top:0px!important;||}&#8220; global_colors_info=&#8220;{}&#8220;][et_pb_row _builder_version=&#8220;4.27.4&#8243; _module_preset=&#8220;default&#8220; width=&#8220;100%&#8220; max_width=&#8220;100%&#8220; custom_padding=&#8220;0px||0px||true|false&#8220; global_colors_info=&#8220;{}&#8220;][et_pb_column type=&#8220;4_4&#8243; _builder_version=&#8220;4.27.4&#8243; _module_preset=&#8220;default&#8220; global_colors_info=&#8220;{}&#8220;][et_pb_slider _builder_version=&#8220;4.27.4&#8243; _module_preset=&#8220;default&#8220; height=&#8220;120vh&#8220; height_tablet=&#8220;120vh&#8220; height_phone=&#8220;100vh&#8220; height_last_edited=&#8220;on|phone&#8220; custom_margin=&#8220;||||false|false&#8220; custom_padding=&#8220;||||false|false&#8220; global_colors_info=&#8220;{}&#8220;][et_pb_slide heading=&#8220;Udahni ti\u0161inu. Uspori vreme. Prona\u0111i sebe.&#8220; _builder_version=&#8220;4.27.4&#8243; _module_preset=&#8220;default&#8220; header_font=&#8220;Montserrat|800|||||||&#8220; background_enable_color=&#8220;off&#8220; background_enable_image=&#8220;off&#8220; background_video_mp4=&#8220;https:\/\/taracabins.rs\/wp-content\/uploads\/2026\/02\/djuric_landscape-1.mp4&#8243; background_enable_video_mp4=&#8220;on&#8220; global_colors_info=&#8220;{}&#8220; sticky_transition=&#8220;on&#8220;][\/et_pb_slide][\/et_pb_slider][\/et_pb_column][\/et_pb_row][\/et_pb_section][et_pb_section fb_built=&#8220;1&#8243; admin_label=&#8220;About&#8220; _builder_version=&#8220;4.27.4&#8243; _module_preset=&#8220;default&#8220; background_color=&#8220;RGBA(255,255,255,0)&#8220; custom_padding=&#8220;0px||||false|false&#8220; collapsed=&#8220;on&#8220; global_colors_info=&#8220;{}&#8220;][et_pb_row _builder_version=&#8220;4.27.4&#8243; _module_preset=&#8220;default&#8220; background_color=&#8220;#FFFFFF&#8220; width=&#8220;75%&#8220; width_tablet=&#8220;75%&#8220; width_phone=&#8220;95%&#8220; width_last_edited=&#8220;on|phone&#8220; custom_margin=&#8220;||||false|false&#8220; custom_padding=&#8220;75px|7%||7%|false|true&#8220; global_colors_info=&#8220;{}&#8220;][et_pb_column type=&#8220;4_4&#8243; _builder_version=&#8220;4.21.0&#8243; _module_preset=&#8220;default&#8220; global_colors_info=&#8220;{}&#8220;][et_pb_text _builder_version=&#8220;4.27.4&#8243; _module_preset=&#8220;513f137c-e339-4457-8725-ad1902d31c89&#8243; header_3_font=&#8220;Montserrat|300|||||||&#8220; header_3_text_align=&#8220;center&#8220; header_3_text_color=&#8220;#333333&#8243; header_3_font_size=&#8220;28px&#8220; global_colors_info=&#8220;{}&#8220;]<\/p>\n<h3>Istinski beg u netaknutu divljinu Nacionalnog parka Tara. Prepustite se miru, prostoru i inspiraciji. Mesto gde priroda postaje va\u0161e uto\u010di\u0161te.<\/h3>\n<p>[\/et_pb_text][et_pb_gallery gallery_ids=&#8220;1371,1372&#8243; fullwidth=&#8220;on&#8220; _builder_version=&#8220;4.27.4&#8243; _module_preset=&#8220;default&#8220; global_colors_info=&#8220;{}&#8220;][\/et_pb_gallery][et_pb_text _builder_version=&#8220;4.27.4&#8243; _module_preset=&#8220;273639a3-6d0e-4230-91c5-11e811000895&#8243; text_font=&#8220;Montserrat|300|||||||&#8220; text_orientation=&#8220;center&#8220; global_colors_info=&#8220;{}&#8220;]<\/p>\n<p>Arhitektonski dragulj. Otvorite du\u0161u i pove\u017eite se sa prirodom. Ponovo otkrijte prednosti jednostavnog i sporog \u017eivota. Dozvolite sebi da vreme i prostor teku po va\u0161im pravilima.<\/p>\n<p>[\/et_pb_text][et_pb_text disabled_on=&#8220;on|on|on&#8220; _builder_version=&#8220;4.27.4&#8243; _module_preset=&#8220;1cfae5e3-2ecc-46ea-8cfc-0e64177e3207&#8243; header_6_font=&#8220;Montserrat|||on|||||&#8220; header_6_text_color=&#8220;#333333&#8243; text_orientation=&#8220;center&#8220; disabled=&#8220;on&#8220; global_colors_info=&#8220;{}&#8220;]<\/p>\n<h6>Dobrodo\u0161li u Tara Cabins Pure Nature<\/h6>\n<p>[\/et_pb_text][et_pb_button button_url=&#8220;https:\/\/taracabins.rs\/sr\/nasa-prica\/&#8220; button_text=&#8220;Detaljnije&#8220; button_alignment=&#8220;center&#8220; _builder_version=&#8220;4.27.4&#8243; _module_preset=&#8220;default&#8220; custom_button=&#8220;on&#8220; button_text_size=&#8220;14px&#8220; button_bg_color=&#8220;#63908f&#8220; button_border_width=&#8220;0px&#8220; button_border_radius=&#8220;0px&#8220; button_font=&#8220;Montserrat|300|||||||&#8220; button_use_icon=&#8220;off&#8220; background_layout=&#8220;dark&#8220; custom_padding=&#8220;10px|20px|10px|20px|true|true&#8220; global_colors_info=&#8220;{}&#8220; button_bg_color__hover_enabled=&#8220;on|hover&#8220; button_bg_color__hover=&#8220;#3c5d5d&#8220; button_bg_enable_color__hover=&#8220;on&#8220;][\/et_pb_button][\/et_pb_column][\/et_pb_row][et_pb_row _builder_version=&#8220;4.27.4&#8243; _module_preset=&#8220;default&#8220; custom_padding=&#8220;||0px||false|false&#8220; global_colors_info=&#8220;{}&#8220;][et_pb_column type=&#8220;4_4&#8243; _builder_version=&#8220;4.27.4&#8243; _module_preset=&#8220;default&#8220; global_colors_info=&#8220;{}&#8220;][et_pb_divider color=&#8220;#63908f&#8220; _builder_version=&#8220;4.27.4&#8243; _module_preset=&#8220;default&#8220; global_colors_info=&#8220;{}&#8220;][\/et_pb_divider][et_pb_image src=&#8220;https:\/\/taracabins.rs\/wp-content\/uploads\/2025\/08\/logoTC.png&#8220; align=&#8220;center&#8220; _builder_version=&#8220;4.27.4&#8243; _module_preset=&#8220;default&#8220; width=&#8220;150px&#8220; width_tablet=&#8220;150px&#8220; width_phone=&#8220;150px&#8220; width_last_edited=&#8220;on|phone&#8220; module_alignment=&#8220;center&#8220; global_colors_info=&#8220;{}&#8220;][\/et_pb_image][\/et_pb_column][\/et_pb_row][et_pb_row disabled_on=&#8220;off|off|off&#8220; _builder_version=&#8220;4.27.4&#8243; _module_preset=&#8220;default&#8220; width=&#8220;65%&#8220; global_colors_info=&#8220;{}&#8220;][et_pb_column type=&#8220;4_4&#8243; _builder_version=&#8220;4.27.4&#8243; _module_preset=&#8220;default&#8220; global_colors_info=&#8220;{}&#8220;][et_pb_text disabled_on=&#8220;on|on|on&#8220; _builder_version=&#8220;4.27.4&#8243; _module_preset=&#8220;1cfae5e3-2ecc-46ea-8cfc-0e64177e3207&#8243; header_6_font=&#8220;Montserrat|||on|||||&#8220; header_6_text_color=&#8220;#333333&#8243; text_orientation=&#8220;center&#8220; custom_margin=&#8220;||5px||false|false&#8220; custom_padding=&#8220;||||false|false&#8220; disabled=&#8220;on&#8220; global_colors_info=&#8220;{}&#8220;]<\/p>\n<h6>TARA CABINS PURE NATURE<\/h6>\n<p>[\/et_pb_text][et_pb_divider color=&#8220;#63908f&#8220; divider_weight=&#8220;2px&#8220; disabled_on=&#8220;on|on|on&#8220; _builder_version=&#8220;4.27.4&#8243; _module_preset=&#8220;default&#8220; width=&#8220;240px&#8220; module_alignment=&#8220;center&#8220; custom_margin=&#8220;||||false|false&#8220; custom_padding=&#8220;||||false|false&#8220; disabled=&#8220;on&#8220; global_colors_info=&#8220;{}&#8220;][\/et_pb_divider][\/et_pb_column][\/et_pb_row][et_pb_row column_structure=&#8220;1_2,1_2&#8243; custom_padding_last_edited=&#8220;on|phone&#8220; _builder_version=&#8220;4.27.4&#8243; _module_preset=&#8220;default&#8220; width=&#8220;65%&#8220; width_tablet=&#8220;65%&#8220; width_phone=&#8220;95%&#8220; width_last_edited=&#8220;on|phone&#8220; custom_margin=&#8220;||||false|false&#8220; custom_padding=&#8220;0px|2%||2%|false|true&#8220; custom_padding_tablet=&#8220;0px|2%||2%|false|true&#8220; custom_padding_phone=&#8220;0px|7%||7%|false|true&#8220; global_colors_info=&#8220;{}&#8220;][et_pb_column type=&#8220;1_2&#8243; _builder_version=&#8220;4.27.4&#8243; _module_preset=&#8220;default&#8220; global_colors_info=&#8220;{}&#8220;][et_pb_blurb title=&#8220;Cab 1. Master Cabin with Lake View&#8220; url=&#8220;\/sr\/kabina-1-glavna-kabina-sa-pogledom-na-jezero\/&#8220; image=&#8220;https:\/\/taracabins.rs\/wp-content\/uploads\/2025\/08\/w1T6A2198FTR.jpg&#8220; _builder_version=&#8220;4.27.4&#8243; _module_preset=&#8220;default&#8220; header_font=&#8220;Montserrat||||||||&#8220; header_text_align=&#8220;center&#8220; header_font_size=&#8220;16px&#8220; custom_padding=&#8220;||20px||false|false&#8220; hover_transition_speed_curve=&#8220;ease-in&#8220; global_colors_info=&#8220;{}&#8220;][\/et_pb_blurb][\/et_pb_column][et_pb_column type=&#8220;1_2&#8243; _builder_version=&#8220;4.27.4&#8243; _module_preset=&#8220;default&#8220; global_colors_info=&#8220;{}&#8220;][et_pb_blurb title=&#8220;Cab 2. Art Collectors Landscape Cabin&#8220; url=&#8220;\/sr\/kabina-2-kabina-sa-pejzazem-i-kolekcijom-umetnosti\/&#8220; image=&#8220;https:\/\/taracabins.rs\/wp-content\/uploads\/2025\/08\/art-col-ftr.jpg&#8220; _builder_version=&#8220;4.27.4&#8243; _module_preset=&#8220;default&#8220; header_font=&#8220;Montserrat||||||||&#8220; header_text_align=&#8220;center&#8220; header_font_size=&#8220;16px&#8220; custom_padding=&#8220;||20px||false|false&#8220; hover_transition_speed_curve=&#8220;ease-in&#8220; global_colors_info=&#8220;{}&#8220;][\/et_pb_blurb][\/et_pb_column][\/et_pb_row][et_pb_row _builder_version=&#8220;4.21.0&#8243; _module_preset=&#8220;default&#8220; width_tablet=&#8220;&#8220; width_phone=&#8220;95%&#8220; width_last_edited=&#8220;on|phone&#8220; global_colors_info=&#8220;{}&#8220;][et_pb_column type=&#8220;4_4&#8243; _builder_version=&#8220;4.21.0&#8243; _module_preset=&#8220;default&#8220; global_colors_info=&#8220;{}&#8220;][et_pb_text _builder_version=&#8220;4.27.4&#8243; _module_preset=&#8220;1cfae5e3-2ecc-46ea-8cfc-0e64177e3207&#8243; header_6_font=&#8220;Montserrat|||on|||||&#8220; header_6_text_color=&#8220;#333333&#8243; text_orientation=&#8220;center&#8220; custom_margin=&#8220;||5px||false|false&#8220; custom_padding=&#8220;||||false|false&#8220; global_colors_info=&#8220;{}&#8220;]<\/p>\n<h6>UTISCI<\/h6>\n<p>[\/et_pb_text][et_pb_divider color=&#8220;#63908f&#8220; divider_weight=&#8220;2px&#8220; _builder_version=&#8220;4.27.4&#8243; _module_preset=&#8220;default&#8220; width=&#8220;135px&#8220; module_alignment=&#8220;center&#8220; custom_margin=&#8220;||||false|false&#8220; custom_padding=&#8220;||||false|false&#8220; global_colors_info=&#8220;{}&#8220;][\/et_pb_divider][et_pb_slider _builder_version=&#8220;4.27.4&#8243; _module_preset=&#8220;54c601cc-96aa-4c5d-a377-c707eacb2bd5&#8243; header_font=&#8220;Montserrat|300|||||||&#8220; header_font_size=&#8220;16px&#8220; body_font=&#8220;Montserrat|||on|||||&#8220; custom_padding=&#8220;0px||||false|false&#8220; locked=&#8220;off&#8220; global_colors_info=&#8220;{%22gcid-d056ff0b-a85f-45b3-bb11-a75debfb13bf%22:%91%22header_text_color%22,%22arrows_custom_color%22,%22dot_nav_custom_color%22%93,%22gcid-9d98294c-d1ae-4311-865c-0d2bedb19256%22:%91%22body_text_color%22%93}&#8220;][et_pb_slide heading=&#8220;%22Very nice stay. Recommend 100%. The Cabins are amazing in style and functionality. Especially having a triple bunk bed was amazing for our three kids.%22&#8243; _builder_version=&#8220;4.27.4&#8243; _module_preset=&#8220;default&#8220; locked=&#8220;off&#8220; global_colors_info=&#8220;{}&#8220; sticky_transition=&#8220;on&#8220;]<\/p>\n<p>Boris Hardi<\/p>\n<p>[\/et_pb_slide][et_pb_slide heading=&#8220;%22The most amazing place i\u2019ve ever stayed at in my entire life! Super modern, the view is breathtaking, hosts thought about every single detail to make sure the guests will have the best experience. Would definitely be back. 10\/10%22&#8243; _builder_version=&#8220;4.27.4&#8243; _module_preset=&#8220;default&#8220; locked=&#8220;off&#8220; global_colors_info=&#8220;{}&#8220; sticky_transition=&#8220;on&#8220;]<\/p>\n<p>Noam Gottfried<\/p>\n<p>[\/et_pb_slide][et_pb_slide heading=&#8220;\u201e\u0418\u0437\u0443\u0437\u0435\u0442\u043d\u043e \u0438\u0441\u043a\u0443\u0441\u0442\u0432\u043e, \u043f\u0440\u0435\u043b\u0435\u043f\u043e \u043f\u0440\u0438\u0440\u043e\u0434\u043d\u043e \u043e\u043a\u0440\u0443\u0436\u0435\u045a\u0435 \u0441\u0430 \u043f\u0440\u0435\u0434\u0438\u0432\u043d\u0438\u043c \u043f\u043e\u0433\u043b\u0435\u0434\u043e\u043c. \u0414\u043e\u0434\u0438\u0440 \u0441\u0432\u0435\u0442\u0430 \u0441\u0430 \u043d\u0430\u043c\u0430. \u0418\u0441\u043a\u0440\u0435\u043d\u0430 \u043f\u0440\u0435\u043f\u043e\u0440\u0443\u043a\u0430 \u0437\u0430 \u0443\u0434\u043e\u0431\u043d\u043e\u0441\u0442, \u0445\u0438\u0433\u0438\u0458\u0435\u043d\u0443, \u0459\u0443\u0431\u0430\u0437\u043d\u043e\u0441\u0442. \u0421\u0432\u0435 \u043d\u0430\u0458\u0431\u043e\u0459\u0435!%22  &#8220; _builder_version=&#8220;4.27.4&#8243; _module_preset=&#8220;default&#8220; locked=&#8220;off&#8220; global_colors_info=&#8220;{}&#8220; sticky_transition=&#8220;on&#8220;]<\/p>\n<p>DARKO JOVANETI\u0106<\/p>\n<p>[\/et_pb_slide][et_pb_slide heading=&#8220;\u201e\u0412\u0441\u0435 \u043e\u0447\u0435\u043d\u044c \u043f\u0440\u043e\u0434\u0443\u043c\u0430\u043d\u043d\u043e. \u041e\u0442\u043b\u0438\u0447\u043d\u044b\u0439 \u0443\u0440\u043e\u0432\u0435\u043d\u044c- \u0434\u043b\u044f \u0421\u0435\u0440\u0431\u0438\u0438 \u0432\u043e\u043e\u0431\u0449\u0435 \u043d\u0435\u0434\u043e\u0441\u044f\u0433\u0430\u0435\u043c\u044b\u0439. \u0420\u0435\u043a\u043e\u043c\u0435\u043d\u0434\u0443\u044e \u043e\u0434\u043d\u043e\u0437\u043d\u0430\u0447\u043d\u043e \u0442\u0435\u043c, \u043a\u0442\u043e \u0445\u043e\u0447\u0435\u0442 \u0443\u0435\u0434\u0438\u043d\u0435\u043d\u0438\u044f.\u201c&#8220; _builder_version=&#8220;4.27.4&#8243; _module_preset=&#8220;default&#8220; locked=&#8220;off&#8220; global_colors_info=&#8220;{}&#8220; sticky_transition=&#8220;on&#8220;]<\/p>\n<p>ILYA PEREGUDOV<\/p>\n<p>[\/et_pb_slide][et_pb_slide heading=&#8220;\u201eBoravak u Tara Cabins Pure Nature bio je pravo malo osve\u017eenje za du\u0161u&#8230;\u201c &#8220; _builder_version=&#8220;4.27.4&#8243; _module_preset=&#8220;default&#8220; locked=&#8220;off&#8220; global_colors_info=&#8220;{}&#8220; sticky_transition=&#8220;on&#8220;]<\/p>\n<p>ALEKSANDRA RISTI\u0106<\/p>\n<p>[\/et_pb_slide][et_pb_slide heading=&#8220;\u201e&#8230;place is a gem, outside and inside, extremely peaceful, a perfect place to relax within Tara National Park&#8230;\u201c &#8220; _builder_version=&#8220;4.27.4&#8243; _module_preset=&#8220;default&#8220; locked=&#8220;off&#8220; global_colors_info=&#8220;{}&#8220; sticky_transition=&#8220;on&#8220;]<\/p>\n<p>CAROLINE THIERRY<\/p>\n<p>[\/et_pb_slide][et_pb_slide heading=&#8220;\u201eSpectacular. Magical place. My mind has never rested like it did here. I forgot how beautiful nature sounds. If you\u2019re hesitating, don\u2019t. Book it. It will heal you.\u201c &#8220; _builder_version=&#8220;4.27.4&#8243; _module_preset=&#8220;default&#8220; locked=&#8220;off&#8220; global_colors_info=&#8220;{}&#8220; sticky_transition=&#8220;on&#8220;]<\/p>\n<p>ALEKSANDRA STOJANOVI\u0106<\/p>\n<p>[\/et_pb_slide][\/et_pb_slider][\/et_pb_column][\/et_pb_row][\/et_pb_section][et_pb_section fb_built=&#8220;1&#8243; admin_label=&#8220;Footer&#8220; module_id=&#8220;kontakt&#8220; _builder_version=&#8220;4.27.4&#8243; _module_preset=&#8220;default&#8220; background_color=&#8220;gcid-5aa9ce6a-8a5e-4347-973a-c6b91f603234&#8243; custom_margin=&#8220;||0px||false|false&#8220; custom_padding=&#8220;||0px||false|false&#8220; saved_tabs=&#8220;all&#8220; collapsed=&#8220;on&#8220; global_colors_info=&#8220;{%22gcid-5aa9ce6a-8a5e-4347-973a-c6b91f603234%22:%91%22background_color%22%93}&#8220;][et_pb_row _builder_version=&#8220;4.21.0&#8243; _module_preset=&#8220;default&#8220; global_colors_info=&#8220;{}&#8220;][et_pb_column type=&#8220;4_4&#8243; _builder_version=&#8220;4.21.0&#8243; _module_preset=&#8220;default&#8220; global_colors_info=&#8220;{}&#8220;][et_pb_text _builder_version=&#8220;4.27.4&#8243; _module_preset=&#8220;1cfae5e3-2ecc-46ea-8cfc-0e64177e3207&#8243; header_6_font=&#8220;Montserrat|||on|||||&#8220; header_6_text_color=&#8220;#FFFFFF&#8220; text_orientation=&#8220;center&#8220; custom_margin=&#8220;||5px||false|false&#8220; custom_padding=&#8220;||||false|false&#8220; global_colors_info=&#8220;{}&#8220;]<\/p>\n<h6>REKLI SU O NAMA<\/h6>\n<p>[\/et_pb_text][et_pb_divider color=&#8220;#63908f&#8220; divider_weight=&#8220;2px&#8220; _builder_version=&#8220;4.27.4&#8243; _module_preset=&#8220;default&#8220; width=&#8220;145px&#8220; module_alignment=&#8220;center&#8220; custom_margin=&#8220;||||false|false&#8220; custom_padding=&#8220;||||false|false&#8220; global_colors_info=&#8220;{}&#8220;][\/et_pb_divider][\/et_pb_column][\/et_pb_row][et_pb_row column_structure=&#8220;1_6,1_6,1_6,1_6,1_6,1_6&#8243; module_class=&#8220;three-col-row&#8220; _builder_version=&#8220;4.27.4&#8243; _module_preset=&#8220;default&#8220; custom_padding=&#8220;0px||||false|false&#8220; global_colors_info=&#8220;{}&#8220; custom_css_main_element_last_edited=&#8220;off|phone&#8220;][et_pb_column type=&#8220;1_6&#8243; _builder_version=&#8220;4.27.4&#8243; _module_preset=&#8220;default&#8220; global_colors_info=&#8220;{}&#8220;][et_pb_image src=&#8220;https:\/\/taracabins.rs\/wp-content\/uploads\/2025\/08\/gradnja-rs-wh.png&#8220; url=&#8220;http:\/\/www.gradnja.rs\/tara-cabins-pure-nature-stevan-djuric-croft\/&#8220; _builder_version=&#8220;4.27.4&#8243; _module_preset=&#8220;default&#8220; global_colors_info=&#8220;{}&#8220;][\/et_pb_image][\/et_pb_column][et_pb_column type=&#8220;1_6&#8243; _builder_version=&#8220;4.27.4&#8243; _module_preset=&#8220;default&#8220; global_colors_info=&#8220;{}&#8220;][et_pb_image src=&#8220;https:\/\/taracabins.rs\/wp-content\/uploads\/2025\/08\/dizajn-enterijera-wh.png&#8220; url=&#8220;https:\/\/www.dizajnenterijera.rs\/bungalovi-na-tari-sa-savrsenim-pogledom-na-jezero-zaovine\/&#8220; _builder_version=&#8220;4.27.4&#8243; _module_preset=&#8220;default&#8220; global_colors_info=&#8220;{}&#8220;][\/et_pb_image][\/et_pb_column][et_pb_column type=&#8220;1_6&#8243; _builder_version=&#8220;4.27.4&#8243; _module_preset=&#8220;default&#8220; global_colors_info=&#8220;{}&#8220;][et_pb_image src=&#8220;https:\/\/taracabins.rs\/wp-content\/uploads\/2025\/08\/jutarnji-list-wh.png&#8220; url=&#8220;https:\/\/www.jutarnji.hr\/tag\/tara-cabins-pure-nature&#8220; _builder_version=&#8220;4.27.4&#8243; _module_preset=&#8220;default&#8220; global_colors_info=&#8220;{}&#8220;][\/et_pb_image][\/et_pb_column][et_pb_column type=&#8220;1_6&#8243; _builder_version=&#8220;4.27.4&#8243; _module_preset=&#8220;default&#8220; global_colors_info=&#8220;{}&#8220;][et_pb_image src=&#8220;https:\/\/taracabins.rs\/wp-content\/uploads\/2025\/08\/zadovoljna-rs-wh.png&#8220; url=&#8220;https:\/\/zadovoljna.nova.rs\/dom-i-dizajn\/zavirili-smo-u-najmagicniju-vikendicu-na-tari-s-pogledom-od-milion-dolara\/&#8220; _builder_version=&#8220;4.27.4&#8243; _module_preset=&#8220;default&#8220; global_colors_info=&#8220;{}&#8220;][\/et_pb_image][\/et_pb_column][et_pb_column type=&#8220;1_6&#8243; _builder_version=&#8220;4.27.4&#8243; _module_preset=&#8220;default&#8220; global_colors_info=&#8220;{}&#8220;][et_pb_image src=&#8220;https:\/\/taracabins.rs\/wp-content\/uploads\/2025\/08\/zena-rs-wh.png&#8220; url=&#8220;https:\/\/zena.blic.rs\/lifestyle\/kuca-na-tari-od-koje-zastaje-dah-dah-a-izgleda-kao-ruzna-crna-kocka\/n452tx3&#8243; _builder_version=&#8220;4.27.4&#8243; _module_preset=&#8220;default&#8220; global_colors_info=&#8220;{}&#8220;][\/et_pb_image][\/et_pb_column][et_pb_column type=&#8220;1_6&#8243; _builder_version=&#8220;4.27.4&#8243; _module_preset=&#8220;default&#8220; global_colors_info=&#8220;{}&#8220;][et_pb_image src=&#8220;https:\/\/taracabins.rs\/wp-content\/uploads\/2025\/08\/journal-wh.png&#8220; url=&#8220;https:\/\/www.journal.rs\/lifestyle\/putovanja\/weekend-getaway-tara\/&#8220; _builder_version=&#8220;4.27.4&#8243; _module_preset=&#8220;default&#8220; global_colors_info=&#8220;{}&#8220;][\/et_pb_image][\/et_pb_column][\/et_pb_row][et_pb_row _builder_version=&#8220;4.21.0&#8243; _module_preset=&#8220;default&#8220; border_color_all=&#8220;rgba(255,255,255,0.2)&#8220; border_width_top=&#8220;1px&#8220; global_colors_info=&#8220;{}&#8220;][et_pb_column type=&#8220;4_4&#8243; _builder_version=&#8220;4.21.0&#8243; _module_preset=&#8220;default&#8220; global_colors_info=&#8220;{}&#8220;][et_pb_text _builder_version=&#8220;4.27.4&#8243; _dynamic_attributes=&#8220;content&#8220; _module_preset=&#8220;default&#8220; text_font=&#8220;Montserrat|300|||||||&#8220; text_text_color=&#8220;#FFFFFF&#8220; text_orientation=&#8220;center&#8220; hover_enabled=&#8220;0&#8243; global_colors_info=&#8220;{}&#8220; sticky_enabled=&#8220;0&#8243;]@ET-DC@eyJkeW5hbWljIjp0cnVlLCJjb250ZW50IjoiY3VycmVudF9kYXRlIiwic2V0dGluZ3MiOnsiYmVmb3JlIjoiQ29weXJpZ2h0IMKpICIsImFmdGVyIjoiIEFsbCBSaWdodHMgUmVzZXJ2ZWQuIFNwZWNpYWwgdGhhbmtzIC0gUGhvdG9zOiBIaWlzaGlpIFBob3RvICZhbXA7IER1xaFhbiBNaWxlbmtvdmnEhyB8IFZpZGVvOiBNYXJrbyDEjHXFoWluIiwiZGF0ZV9mb3JtYXQiOiJjdXN0b20iLCJjdXN0b21fZGF0ZV9mb3JtYXQiOiJZIn19@[\/et_pb_text][\/et_pb_column][\/et_pb_row][\/et_pb_section]<\/p>\n","protected":false},"excerpt":{"rendered":"<p>Istinski beg u netaknutu divljinu Nacionalnog parka Tara. Prepustite se miru, prostoru i inspiraciji. Mesto gde priroda postaje va\u0161e uto\u010di\u0161te.Arhitektonski dragulj. Otvorite du\u0161u i pove\u017eite se sa prirodom. Ponovo otkrijte prednosti jednostavnog i sporog \u017eivota. Dozvolite sebi da vreme i prostor teku po va\u0161im pravilima.Dobrodo\u0161li u Tara Cabins Pure NatureTARA CABINS PURE NATUREUTISCIBoris HardiNoam GottfriedDARKO [&hellip;]<\/p>\n","protected":false},"author":1,"featured_media":0,"parent":0,"menu_order":0,"comment_status":"closed","ping_status":"closed","template":"","meta":{"_et_pb_use_builder":"on","_et_pb_old_content":"","_et_gb_content_width":"","footnotes":""},"class_list":["post-1376","page","type-page","status-publish","hentry"],"_links":{"self":[{"href":"https:\/\/taracabins.rs\/sr\/wp-json\/wp\/v2\/pages\/1376","targetHints":{"allow":["GET"]}}],"collection":[{"href":"https:\/\/taracabins.rs\/sr\/wp-json\/wp\/v2\/pages"}],"about":[{"href":"https:\/\/taracabins.rs\/sr\/wp-json\/wp\/v2\/types\/page"}],"author":[{"embeddable":true,"href":"https:\/\/taracabins.rs\/sr\/wp-json\/wp\/v2\/users\/1"}],"replies":[{"embeddable":true,"href":"https:\/\/taracabins.rs\/sr\/wp-json\/wp\/v2\/comments?post=1376"}],"version-history":[{"count":13,"href":"https:\/\/taracabins.rs\/sr\/wp-json\/wp\/v2\/pages\/1376\/revisions"}],"predecessor-version":[{"id":1579,"href":"https:\/\/taracabins.rs\/sr\/wp-json\/wp\/v2\/pages\/1376\/revisions\/1579"}],"wp:attachment":[{"href":"https:\/\/taracabins.rs\/sr\/wp-json\/wp\/v2\/media?parent=1376"}],"curies":[{"name":"wp","href":"https:\/\/api.w.org\/{rel}","templated":true}]}}